{"id":11459,"date":"2024-01-10T13:13:16","date_gmt":"2024-01-10T12:13:16","guid":{"rendered":"https:\/\/www.esbjerggolfklub.dk\/?page_id=11459"},"modified":"2026-03-24T11:29:56","modified_gmt":"2026-03-24T10:29:56","slug":"klubliv","status":"publish","type":"page","link":"https:\/\/www.esbjerggolfklub.dk\/da\/klubben\/klubliv\/","title":{"rendered":"Klubliv"},"content":{"rendered":"","protected":false},"excerpt":{"rendered":"","protected":false},"author":5,"featured_media":0,"parent":182,"menu_order":35,"comment_status":"closed","ping_status":"closed","template":"page-subnav.php","meta":{"_acf_changed":false,"footnotes":""},"class_list":["post-11459","page","type-page","status-publish","hentry"],"acf":[],"yoast_head":"<!-- This site is optimized with the Yoast SEO plugin v27.1 - https:\/\/yoast.com\/product\/yoast-seo-wordpress\/ -->\n<title>Klubliv - Esbjerg Golfklub<\/title>\n<meta name=\"description\" content=\"Her p\u00e5 siden kan du se hvordan klublivet i Esbjerg Golfklub ser ud, s\u00e5 tag et kig og bliv meget klogere p\u00e5 hvad klubben kan tilbyde!\" \/>\n<meta name=\"robots\" content=\"index, follow, max-snippet:-1, max-image-preview:large, max-video-preview:-1\" \/>\n<link rel=\"canonical\" href=\"https:\/\/www.esbjerggolfklub.dk\/da\/klubben\/klubliv\/\" \/>\n<meta property=\"og:locale\" content=\"da_DK\" \/>\n<meta property=\"og:type\" content=\"article\" \/>\n<meta property=\"og:title\" content=\"Klubliv - Esbjerg Golfklub\" \/>\n<meta property=\"og:description\" content=\"Her p\u00e5 siden kan du se hvordan klublivet i Esbjerg Golfklub ser ud, s\u00e5 tag et kig og bliv meget klogere p\u00e5 hvad klubben kan tilbyde!\" \/>\n<meta property=\"og:url\" content=\"https:\/\/www.esbjerggolfklub.dk\/da\/klubben\/klubliv\/\" \/>\n<meta property=\"og:site_name\" content=\"Esbjerg Golfklub\" \/>\n<meta property=\"article:publisher\" content=\"https:\/\/www.facebook.com\/esbjerggolfklub\/\" \/>\n<meta property=\"article:modified_time\" content=\"2026-03-24T10:29:56+00:00\" \/>\n<meta name=\"twitter:card\" content=\"summary_large_image\" \/>\n<script type=\"application\/ld+json\" class=\"yoast-schema-graph\">{\"@context\":\"https:\/\/schema.org\",\"@graph\":[{\"@type\":\"WebPage\",\"@id\":\"https:\/\/www.esbjerggolfklub.dk\/da\/klubben\/klubliv\/\",\"url\":\"https:\/\/www.esbjerggolfklub.dk\/da\/klubben\/klubliv\/\",\"name\":\"Klubliv - Esbjerg Golfklub\",\"isPartOf\":{\"@id\":\"https:\/\/www.esbjerggolfklub.dk\/da\/#website\"},\"datePublished\":\"2024-01-10T12:13:16+00:00\",\"dateModified\":\"2026-03-24T10:29:56+00:00\",\"description\":\"Her p\u00e5 siden kan du se hvordan klublivet i Esbjerg Golfklub ser ud, s\u00e5 tag et kig og bliv meget klogere p\u00e5 hvad klubben kan tilbyde!\",\"breadcrumb\":{\"@id\":\"https:\/\/www.esbjerggolfklub.dk\/da\/klubben\/klubliv\/#breadcrumb\"},\"inLanguage\":\"da-DK\",\"potentialAction\":[{\"@type\":\"ReadAction\",\"target\":[\"https:\/\/www.esbjerggolfklub.dk\/da\/klubben\/klubliv\/\"]}]},{\"@type\":\"BreadcrumbList\",\"@id\":\"https:\/\/www.esbjerggolfklub.dk\/da\/klubben\/klubliv\/#breadcrumb\",\"itemListElement\":[{\"@type\":\"ListItem\",\"position\":1,\"name\":\"Home\",\"item\":\"https:\/\/www.esbjerggolfklub.dk\/da\/\"},{\"@type\":\"ListItem\",\"position\":2,\"name\":\"Klubben\",\"item\":\"https:\/\/www.esbjerggolfklub.dk\/da\/klubben\/\"},{\"@type\":\"ListItem\",\"position\":3,\"name\":\"Klubliv\"}]},{\"@type\":\"WebSite\",\"@id\":\"https:\/\/www.esbjerggolfklub.dk\/da\/#website\",\"url\":\"https:\/\/www.esbjerggolfklub.dk\/da\/\",\"name\":\"Esbjerg Golfklub\",\"description\":\"\",\"potentialAction\":[{\"@type\":\"SearchAction\",\"target\":{\"@type\":\"EntryPoint\",\"urlTemplate\":\"https:\/\/www.esbjerggolfklub.dk\/da\/?s={search_term_string}\"},\"query-input\":{\"@type\":\"PropertyValueSpecification\",\"valueRequired\":true,\"valueName\":\"search_term_string\"}}],\"inLanguage\":\"da-DK\"}]}<\/script>\n<!-- \/ Yoast SEO plugin. -->","yoast_head_json":{"title":"Klubliv - Esbjerg Golfklub","description":"Her p\u00e5 siden kan du se hvordan klublivet i Esbjerg Golfklub ser ud, s\u00e5 tag et kig og bliv meget klogere p\u00e5 hvad klubben kan tilbyde!","robots":{"index":"index","follow":"follow","max-snippet":"max-snippet:-1","max-image-preview":"max-image-preview:large","max-video-preview":"max-video-preview:-1"},"canonical":"https:\/\/www.esbjerggolfklub.dk\/da\/klubben\/klubliv\/","og_locale":"da_DK","og_type":"article","og_title":"Klubliv - Esbjerg Golfklub","og_description":"Her p\u00e5 siden kan du se hvordan klublivet i Esbjerg Golfklub ser ud, s\u00e5 tag et kig og bliv meget klogere p\u00e5 hvad klubben kan tilbyde!","og_url":"https:\/\/www.esbjerggolfklub.dk\/da\/klubben\/klubliv\/","og_site_name":"Esbjerg Golfklub","article_publisher":"https:\/\/www.facebook.com\/esbjerggolfklub\/","article_modified_time":"2026-03-24T10:29:56+00:00","twitter_card":"summary_large_image","schema":{"@context":"https:\/\/schema.org","@graph":[{"@type":"WebPage","@id":"https:\/\/www.esbjerggolfklub.dk\/da\/klubben\/klubliv\/","url":"https:\/\/www.esbjerggolfklub.dk\/da\/klubben\/klubliv\/","name":"Klubliv - Esbjerg Golfklub","isPartOf":{"@id":"https:\/\/www.esbjerggolfklub.dk\/da\/#website"},"datePublished":"2024-01-10T12:13:16+00:00","dateModified":"2026-03-24T10:29:56+00:00","description":"Her p\u00e5 siden kan du se hvordan klublivet i Esbjerg Golfklub ser ud, s\u00e5 tag et kig og bliv meget klogere p\u00e5 hvad klubben kan tilbyde!","breadcrumb":{"@id":"https:\/\/www.esbjerggolfklub.dk\/da\/klubben\/klubliv\/#breadcrumb"},"inLanguage":"da-DK","potentialAction":[{"@type":"ReadAction","target":["https:\/\/www.esbjerggolfklub.dk\/da\/klubben\/klubliv\/"]}]},{"@type":"BreadcrumbList","@id":"https:\/\/www.esbjerggolfklub.dk\/da\/klubben\/klubliv\/#breadcrumb","itemListElement":[{"@type":"ListItem","position":1,"name":"Home","item":"https:\/\/www.esbjerggolfklub.dk\/da\/"},{"@type":"ListItem","position":2,"name":"Klubben","item":"https:\/\/www.esbjerggolfklub.dk\/da\/klubben\/"},{"@type":"ListItem","position":3,"name":"Klubliv"}]},{"@type":"WebSite","@id":"https:\/\/www.esbjerggolfklub.dk\/da\/#website","url":"https:\/\/www.esbjerggolfklub.dk\/da\/","name":"Esbjerg Golfklub","description":"","potentialAction":[{"@type":"SearchAction","target":{"@type":"EntryPoint","urlTemplate":"https:\/\/www.esbjerggolfklub.dk\/da\/?s={search_term_string}"},"query-input":{"@type":"PropertyValueSpecification","valueRequired":true,"valueName":"search_term_string"}}],"inLanguage":"da-DK"}]}},"_links":{"self":[{"href":"https:\/\/www.esbjerggolfklub.dk\/da\/wp-json\/wp\/v2\/pages\/11459","targetHints":{"allow":["GET"]}}],"collection":[{"href":"https:\/\/www.esbjerggolfklub.dk\/da\/wp-json\/wp\/v2\/pages"}],"about":[{"href":"https:\/\/www.esbjerggolfklub.dk\/da\/wp-json\/wp\/v2\/types\/page"}],"author":[{"embeddable":true,"href":"https:\/\/www.esbjerggolfklub.dk\/da\/wp-json\/wp\/v2\/users\/5"}],"replies":[{"embeddable":true,"href":"https:\/\/www.esbjerggolfklub.dk\/da\/wp-json\/wp\/v2\/comments?post=11459"}],"version-history":[{"count":10,"href":"https:\/\/www.esbjerggolfklub.dk\/da\/wp-json\/wp\/v2\/pages\/11459\/revisions"}],"predecessor-version":[{"id":12135,"href":"https:\/\/www.esbjerggolfklub.dk\/da\/wp-json\/wp\/v2\/pages\/11459\/revisions\/12135"}],"up":[{"embeddable":true,"href":"https:\/\/www.esbjerggolfklub.dk\/da\/wp-json\/wp\/v2\/pages\/182"}],"wp:attachment":[{"href":"https:\/\/www.esbjerggolfklub.dk\/da\/wp-json\/wp\/v2\/media?parent=11459"}],"curies":[{"name":"wp","href":"https:\/\/api.w.org\/{rel}","templated":true}]}}