{"id":11763,"date":"2024-01-17T15:38:16","date_gmt":"2024-01-17T14:38:28","guid":{"rendered":"https:\/\/www.esbjerggolfklub.dk\/?page_id=11763"},"modified":"2024-12-10T14:07:35","modified_gmt":"2024-12-10T13:07:35","slug":"hole-in-one","status":"publish","type":"page","link":"https:\/\/www.esbjerggolfklub.dk\/da\/klubben\/esbjerg-golfklub\/hole-in-one\/","title":{"rendered":"Hole in one &#8211; N\u00f8rreskoven"},"content":{"rendered":"","protected":false},"excerpt":{"rendered":"","protected":false},"author":5,"featured_media":0,"parent":607,"menu_order":3,"comment_status":"closed","ping_status":"closed","template":"","meta":{"_acf_changed":false,"footnotes":""},"class_list":["post-11763","page","type-page","status-publish","hentry"],"acf":[],"yoast_head":"<!-- This site is optimized with the Yoast SEO plugin v27.5 - https:\/\/yoast.com\/product\/yoast-seo-wordpress\/ -->\n<title>Hole in one - N\u00f8rreskoven - Esbjerg Golfklub<\/title>\n<meta name=\"description\" content=\"F\u00f8rst da banen i N\u00f8rreskoven blev taget i brug begyndte man systematisk at registrere hole in one. Her opn\u00e5ede en til to spillere om \u00e5ret at lave det perfekte slag. Senere hen \u2013 efter ibrugtagning af Marb\u00e6k\" \/>\n<meta name=\"robots\" content=\"index, follow, max-snippet:-1, max-image-preview:large, max-video-preview:-1\" \/>\n<link rel=\"canonical\" href=\"https:\/\/www.esbjerggolfklub.dk\/da\/klubben\/esbjerg-golfklub\/hole-in-one\/\" \/>\n<meta property=\"og:locale\" content=\"da_DK\" \/>\n<meta property=\"og:type\" content=\"article\" \/>\n<meta property=\"og:title\" content=\"Hole in one - N\u00f8rreskoven - Esbjerg Golfklub\" \/>\n<meta property=\"og:description\" content=\"F\u00f8rst da banen i N\u00f8rreskoven blev taget i brug begyndte man systematisk at registrere hole in one. Her opn\u00e5ede en til to spillere om \u00e5ret at lave det perfekte slag. Senere hen \u2013 efter ibrugtagning af Marb\u00e6k\" \/>\n<meta property=\"og:url\" content=\"https:\/\/www.esbjerggolfklub.dk\/da\/klubben\/esbjerg-golfklub\/hole-in-one\/\" \/>\n<meta property=\"og:site_name\" content=\"Esbjerg Golfklub\" \/>\n<meta property=\"article:publisher\" content=\"https:\/\/www.facebook.com\/esbjerggolfklub\/\" \/>\n<meta property=\"article:modified_time\" content=\"2024-12-10T13:07:35+00:00\" \/>\n<meta name=\"twitter:card\" content=\"summary_large_image\" \/>\n<meta name=\"twitter:label1\" content=\"Est. reading time\" \/>\n\t<meta name=\"twitter:data1\" content=\"1 minut\" \/>\n<script type=\"application\/ld+json\" class=\"yoast-schema-graph\">{\"@context\":\"https:\\\/\\\/schema.org\",\"@graph\":[{\"@type\":\"WebPage\",\"@id\":\"https:\\\/\\\/www.esbjerggolfklub.dk\\\/da\\\/klubben\\\/esbjerg-golfklub\\\/hole-in-one\\\/\",\"url\":\"https:\\\/\\\/www.esbjerggolfklub.dk\\\/da\\\/klubben\\\/esbjerg-golfklub\\\/hole-in-one\\\/\",\"name\":\"Hole in one - N\u00f8rreskoven - Esbjerg Golfklub\",\"isPartOf\":{\"@id\":\"https:\\\/\\\/www.esbjerggolfklub.dk\\\/da\\\/#website\"},\"datePublished\":\"2024-01-17T14:38:28+00:00\",\"dateModified\":\"2024-12-10T13:07:35+00:00\",\"description\":\"F\u00f8rst da banen i N\u00f8rreskoven blev taget i brug begyndte man systematisk at registrere hole in one. Her opn\u00e5ede en til to spillere om \u00e5ret at lave det perfekte slag. Senere hen \u2013 efter ibrugtagning af Marb\u00e6k\",\"breadcrumb\":{\"@id\":\"https:\\\/\\\/www.esbjerggolfklub.dk\\\/da\\\/klubben\\\/esbjerg-golfklub\\\/hole-in-one\\\/#breadcrumb\"},\"inLanguage\":\"da-DK\",\"potentialAction\":[{\"@type\":\"ReadAction\",\"target\":[\"https:\\\/\\\/www.esbjerggolfklub.dk\\\/da\\\/klubben\\\/esbjerg-golfklub\\\/hole-in-one\\\/\"]}]},{\"@type\":\"BreadcrumbList\",\"@id\":\"https:\\\/\\\/www.esbjerggolfklub.dk\\\/da\\\/klubben\\\/esbjerg-golfklub\\\/hole-in-one\\\/#breadcrumb\",\"itemListElement\":[{\"@type\":\"ListItem\",\"position\":1,\"name\":\"Home\",\"item\":\"https:\\\/\\\/www.esbjerggolfklub.dk\\\/da\\\/\"},{\"@type\":\"ListItem\",\"position\":2,\"name\":\"Klubben\",\"item\":\"https:\\\/\\\/www.esbjerggolfklub.dk\\\/da\\\/klubben\\\/\"},{\"@type\":\"ListItem\",\"position\":3,\"name\":\"Esbjerg Golfklub\",\"item\":\"https:\\\/\\\/www.esbjerggolfklub.dk\\\/da\\\/klubben\\\/esbjerg-golfklub\\\/\"},{\"@type\":\"ListItem\",\"position\":4,\"name\":\"Hole in one &#8211; N\u00f8rreskoven\"}]},{\"@type\":\"WebSite\",\"@id\":\"https:\\\/\\\/www.esbjerggolfklub.dk\\\/da\\\/#website\",\"url\":\"https:\\\/\\\/www.esbjerggolfklub.dk\\\/da\\\/\",\"name\":\"Esbjerg Golfklub\",\"description\":\"\",\"potentialAction\":[{\"@type\":\"SearchAction\",\"target\":{\"@type\":\"EntryPoint\",\"urlTemplate\":\"https:\\\/\\\/www.esbjerggolfklub.dk\\\/da\\\/?s={search_term_string}\"},\"query-input\":{\"@type\":\"PropertyValueSpecification\",\"valueRequired\":true,\"valueName\":\"search_term_string\"}}],\"inLanguage\":\"da-DK\"}]}<\/script>\n<!-- \/ Yoast SEO plugin. -->","yoast_head_json":{"title":"Hole in one - N\u00f8rreskoven - Esbjerg Golfklub","description":"F\u00f8rst da banen i N\u00f8rreskoven blev taget i brug begyndte man systematisk at registrere hole in one. Her opn\u00e5ede en til to spillere om \u00e5ret at lave det perfekte slag. Senere hen \u2013 efter ibrugtagning af Marb\u00e6k","robots":{"index":"index","follow":"follow","max-snippet":"max-snippet:-1","max-image-preview":"max-image-preview:large","max-video-preview":"max-video-preview:-1"},"canonical":"https:\/\/www.esbjerggolfklub.dk\/da\/klubben\/esbjerg-golfklub\/hole-in-one\/","og_locale":"da_DK","og_type":"article","og_title":"Hole in one - N\u00f8rreskoven - Esbjerg Golfklub","og_description":"F\u00f8rst da banen i N\u00f8rreskoven blev taget i brug begyndte man systematisk at registrere hole in one. Her opn\u00e5ede en til to spillere om \u00e5ret at lave det perfekte slag. Senere hen \u2013 efter ibrugtagning af Marb\u00e6k","og_url":"https:\/\/www.esbjerggolfklub.dk\/da\/klubben\/esbjerg-golfklub\/hole-in-one\/","og_site_name":"Esbjerg Golfklub","article_publisher":"https:\/\/www.facebook.com\/esbjerggolfklub\/","article_modified_time":"2024-12-10T13:07:35+00:00","twitter_card":"summary_large_image","twitter_misc":{"Est. reading time":"1 minut"},"schema":{"@context":"https:\/\/schema.org","@graph":[{"@type":"WebPage","@id":"https:\/\/www.esbjerggolfklub.dk\/da\/klubben\/esbjerg-golfklub\/hole-in-one\/","url":"https:\/\/www.esbjerggolfklub.dk\/da\/klubben\/esbjerg-golfklub\/hole-in-one\/","name":"Hole in one - N\u00f8rreskoven - Esbjerg Golfklub","isPartOf":{"@id":"https:\/\/www.esbjerggolfklub.dk\/da\/#website"},"datePublished":"2024-01-17T14:38:28+00:00","dateModified":"2024-12-10T13:07:35+00:00","description":"F\u00f8rst da banen i N\u00f8rreskoven blev taget i brug begyndte man systematisk at registrere hole in one. Her opn\u00e5ede en til to spillere om \u00e5ret at lave det perfekte slag. Senere hen \u2013 efter ibrugtagning af Marb\u00e6k","breadcrumb":{"@id":"https:\/\/www.esbjerggolfklub.dk\/da\/klubben\/esbjerg-golfklub\/hole-in-one\/#breadcrumb"},"inLanguage":"da-DK","potentialAction":[{"@type":"ReadAction","target":["https:\/\/www.esbjerggolfklub.dk\/da\/klubben\/esbjerg-golfklub\/hole-in-one\/"]}]},{"@type":"BreadcrumbList","@id":"https:\/\/www.esbjerggolfklub.dk\/da\/klubben\/esbjerg-golfklub\/hole-in-one\/#breadcrumb","itemListElement":[{"@type":"ListItem","position":1,"name":"Home","item":"https:\/\/www.esbjerggolfklub.dk\/da\/"},{"@type":"ListItem","position":2,"name":"Klubben","item":"https:\/\/www.esbjerggolfklub.dk\/da\/klubben\/"},{"@type":"ListItem","position":3,"name":"Esbjerg Golfklub","item":"https:\/\/www.esbjerggolfklub.dk\/da\/klubben\/esbjerg-golfklub\/"},{"@type":"ListItem","position":4,"name":"Hole in one &#8211; N\u00f8rreskoven"}]},{"@type":"WebSite","@id":"https:\/\/www.esbjerggolfklub.dk\/da\/#website","url":"https:\/\/www.esbjerggolfklub.dk\/da\/","name":"Esbjerg Golfklub","description":"","potentialAction":[{"@type":"SearchAction","target":{"@type":"EntryPoint","urlTemplate":"https:\/\/www.esbjerggolfklub.dk\/da\/?s={search_term_string}"},"query-input":{"@type":"PropertyValueSpecification","valueRequired":true,"valueName":"search_term_string"}}],"inLanguage":"da-DK"}]}},"_links":{"self":[{"href":"https:\/\/www.esbjerggolfklub.dk\/da\/wp-json\/wp\/v2\/pages\/11763","targetHints":{"allow":["GET"]}}],"collection":[{"href":"https:\/\/www.esbjerggolfklub.dk\/da\/wp-json\/wp\/v2\/pages"}],"about":[{"href":"https:\/\/www.esbjerggolfklub.dk\/da\/wp-json\/wp\/v2\/types\/page"}],"author":[{"embeddable":true,"href":"https:\/\/www.esbjerggolfklub.dk\/da\/wp-json\/wp\/v2\/users\/5"}],"replies":[{"embeddable":true,"href":"https:\/\/www.esbjerggolfklub.dk\/da\/wp-json\/wp\/v2\/comments?post=11763"}],"version-history":[{"count":2,"href":"https:\/\/www.esbjerggolfklub.dk\/da\/wp-json\/wp\/v2\/pages\/11763\/revisions"}],"predecessor-version":[{"id":11770,"href":"https:\/\/www.esbjerggolfklub.dk\/da\/wp-json\/wp\/v2\/pages\/11763\/revisions\/11770"}],"up":[{"embeddable":true,"href":"https:\/\/www.esbjerggolfklub.dk\/da\/wp-json\/wp\/v2\/pages\/607"}],"wp:attachment":[{"href":"https:\/\/www.esbjerggolfklub.dk\/da\/wp-json\/wp\/v2\/media?parent=11763"}],"curies":[{"name":"wp","href":"https:\/\/api.w.org\/{rel}","templated":true}]}}