{"id":12280,"date":"2024-02-05T13:23:37","date_gmt":"2024-02-05T12:23:37","guid":{"rendered":"https:\/\/www.esbjerggolfklub.dk\/?page_id=12280"},"modified":"2026-04-16T11:23:31","modified_gmt":"2026-04-16T09:23:31","slug":"find-et-faellesskab","status":"publish","type":"page","link":"https:\/\/www.esbjerggolfklub.dk\/da\/klubben\/klubliv\/find-et-faellesskab\/","title":{"rendered":"Find et f\u00e6llesskab"},"content":{"rendered":"","protected":false},"excerpt":{"rendered":"","protected":false},"author":5,"featured_media":0,"parent":11459,"menu_order":40,"comment_status":"closed","ping_status":"closed","template":"","meta":{"_acf_changed":false,"footnotes":""},"class_list":["post-12280","page","type-page","status-publish","hentry"],"acf":[],"yoast_head":"<!-- This site is optimized with the Yoast SEO plugin v27.5 - https:\/\/yoast.com\/product\/yoast-seo-wordpress\/ -->\n<title>Find et f\u00e6llesskab - Esbjerg Golfklub<\/title>\n<meta name=\"description\" content=\"For nye golfspillere er f\u00e6llesskaber i klubben en fantastisk mulighed for at integrere sig i vores golfmilj\u00f8 og skabe varige relationer\" \/>\n<meta name=\"robots\" content=\"index, follow, max-snippet:-1, max-image-preview:large, max-video-preview:-1\" \/>\n<link rel=\"canonical\" href=\"https:\/\/www.esbjerggolfklub.dk\/da\/klubben\/klubliv\/find-et-faellesskab\/\" \/>\n<meta property=\"og:locale\" content=\"da_DK\" \/>\n<meta property=\"og:type\" content=\"article\" \/>\n<meta property=\"og:title\" content=\"Find et f\u00e6llesskab - Esbjerg Golfklub\" \/>\n<meta property=\"og:description\" content=\"For nye golfspillere er f\u00e6llesskaber i klubben en fantastisk mulighed for at integrere sig i vores golfmilj\u00f8 og skabe varige relationer\" \/>\n<meta property=\"og:url\" content=\"https:\/\/www.esbjerggolfklub.dk\/da\/klubben\/klubliv\/find-et-faellesskab\/\" \/>\n<meta property=\"og:site_name\" content=\"Esbjerg Golfklub\" \/>\n<meta property=\"article:publisher\" content=\"https:\/\/www.facebook.com\/esbjerggolfklub\/\" \/>\n<meta property=\"article:modified_time\" content=\"2026-04-16T09:23:31+00:00\" \/>\n<meta name=\"twitter:card\" content=\"summary_large_image\" \/>\n<meta name=\"twitter:label1\" content=\"Est. reading time\" \/>\n\t<meta name=\"twitter:data1\" content=\"5 minutter\" \/>\n<script type=\"application\/ld+json\" class=\"yoast-schema-graph\">{\"@context\":\"https:\\\/\\\/schema.org\",\"@graph\":[{\"@type\":\"WebPage\",\"@id\":\"https:\\\/\\\/www.esbjerggolfklub.dk\\\/da\\\/klubben\\\/klubliv\\\/find-et-faellesskab\\\/\",\"url\":\"https:\\\/\\\/www.esbjerggolfklub.dk\\\/da\\\/klubben\\\/klubliv\\\/find-et-faellesskab\\\/\",\"name\":\"Find et f\u00e6llesskab - Esbjerg Golfklub\",\"isPartOf\":{\"@id\":\"https:\\\/\\\/www.esbjerggolfklub.dk\\\/da\\\/#website\"},\"datePublished\":\"2024-02-05T12:23:37+00:00\",\"dateModified\":\"2026-04-16T09:23:31+00:00\",\"description\":\"For nye golfspillere er f\u00e6llesskaber i klubben en fantastisk mulighed for at integrere sig i vores golfmilj\u00f8 og skabe varige relationer\",\"breadcrumb\":{\"@id\":\"https:\\\/\\\/www.esbjerggolfklub.dk\\\/da\\\/klubben\\\/klubliv\\\/find-et-faellesskab\\\/#breadcrumb\"},\"inLanguage\":\"da-DK\",\"potentialAction\":[{\"@type\":\"ReadAction\",\"target\":[\"https:\\\/\\\/www.esbjerggolfklub.dk\\\/da\\\/klubben\\\/klubliv\\\/find-et-faellesskab\\\/\"]}]},{\"@type\":\"BreadcrumbList\",\"@id\":\"https:\\\/\\\/www.esbjerggolfklub.dk\\\/da\\\/klubben\\\/klubliv\\\/find-et-faellesskab\\\/#breadcrumb\",\"itemListElement\":[{\"@type\":\"ListItem\",\"position\":1,\"name\":\"Home\",\"item\":\"https:\\\/\\\/www.esbjerggolfklub.dk\\\/da\\\/\"},{\"@type\":\"ListItem\",\"position\":2,\"name\":\"Klubben\",\"item\":\"https:\\\/\\\/www.esbjerggolfklub.dk\\\/da\\\/klubben\\\/\"},{\"@type\":\"ListItem\",\"position\":3,\"name\":\"Klubliv\",\"item\":\"https:\\\/\\\/www.esbjerggolfklub.dk\\\/da\\\/klubben\\\/klubliv\\\/\"},{\"@type\":\"ListItem\",\"position\":4,\"name\":\"Find et f\u00e6llesskab\"}]},{\"@type\":\"WebSite\",\"@id\":\"https:\\\/\\\/www.esbjerggolfklub.dk\\\/da\\\/#website\",\"url\":\"https:\\\/\\\/www.esbjerggolfklub.dk\\\/da\\\/\",\"name\":\"Esbjerg Golfklub\",\"description\":\"\",\"potentialAction\":[{\"@type\":\"SearchAction\",\"target\":{\"@type\":\"EntryPoint\",\"urlTemplate\":\"https:\\\/\\\/www.esbjerggolfklub.dk\\\/da\\\/?s={search_term_string}\"},\"query-input\":{\"@type\":\"PropertyValueSpecification\",\"valueRequired\":true,\"valueName\":\"search_term_string\"}}],\"inLanguage\":\"da-DK\"}]}<\/script>\n<!-- \/ Yoast SEO plugin. -->","yoast_head_json":{"title":"Find et f\u00e6llesskab - Esbjerg Golfklub","description":"For nye golfspillere er f\u00e6llesskaber i klubben en fantastisk mulighed for at integrere sig i vores golfmilj\u00f8 og skabe varige relationer","robots":{"index":"index","follow":"follow","max-snippet":"max-snippet:-1","max-image-preview":"max-image-preview:large","max-video-preview":"max-video-preview:-1"},"canonical":"https:\/\/www.esbjerggolfklub.dk\/da\/klubben\/klubliv\/find-et-faellesskab\/","og_locale":"da_DK","og_type":"article","og_title":"Find et f\u00e6llesskab - Esbjerg Golfklub","og_description":"For nye golfspillere er f\u00e6llesskaber i klubben en fantastisk mulighed for at integrere sig i vores golfmilj\u00f8 og skabe varige relationer","og_url":"https:\/\/www.esbjerggolfklub.dk\/da\/klubben\/klubliv\/find-et-faellesskab\/","og_site_name":"Esbjerg Golfklub","article_publisher":"https:\/\/www.facebook.com\/esbjerggolfklub\/","article_modified_time":"2026-04-16T09:23:31+00:00","twitter_card":"summary_large_image","twitter_misc":{"Est. reading time":"5 minutter"},"schema":{"@context":"https:\/\/schema.org","@graph":[{"@type":"WebPage","@id":"https:\/\/www.esbjerggolfklub.dk\/da\/klubben\/klubliv\/find-et-faellesskab\/","url":"https:\/\/www.esbjerggolfklub.dk\/da\/klubben\/klubliv\/find-et-faellesskab\/","name":"Find et f\u00e6llesskab - Esbjerg Golfklub","isPartOf":{"@id":"https:\/\/www.esbjerggolfklub.dk\/da\/#website"},"datePublished":"2024-02-05T12:23:37+00:00","dateModified":"2026-04-16T09:23:31+00:00","description":"For nye golfspillere er f\u00e6llesskaber i klubben en fantastisk mulighed for at integrere sig i vores golfmilj\u00f8 og skabe varige relationer","breadcrumb":{"@id":"https:\/\/www.esbjerggolfklub.dk\/da\/klubben\/klubliv\/find-et-faellesskab\/#breadcrumb"},"inLanguage":"da-DK","potentialAction":[{"@type":"ReadAction","target":["https:\/\/www.esbjerggolfklub.dk\/da\/klubben\/klubliv\/find-et-faellesskab\/"]}]},{"@type":"BreadcrumbList","@id":"https:\/\/www.esbjerggolfklub.dk\/da\/klubben\/klubliv\/find-et-faellesskab\/#breadcrumb","itemListElement":[{"@type":"ListItem","position":1,"name":"Home","item":"https:\/\/www.esbjerggolfklub.dk\/da\/"},{"@type":"ListItem","position":2,"name":"Klubben","item":"https:\/\/www.esbjerggolfklub.dk\/da\/klubben\/"},{"@type":"ListItem","position":3,"name":"Klubliv","item":"https:\/\/www.esbjerggolfklub.dk\/da\/klubben\/klubliv\/"},{"@type":"ListItem","position":4,"name":"Find et f\u00e6llesskab"}]},{"@type":"WebSite","@id":"https:\/\/www.esbjerggolfklub.dk\/da\/#website","url":"https:\/\/www.esbjerggolfklub.dk\/da\/","name":"Esbjerg Golfklub","description":"","potentialAction":[{"@type":"SearchAction","target":{"@type":"EntryPoint","urlTemplate":"https:\/\/www.esbjerggolfklub.dk\/da\/?s={search_term_string}"},"query-input":{"@type":"PropertyValueSpecification","valueRequired":true,"valueName":"search_term_string"}}],"inLanguage":"da-DK"}]}},"_links":{"self":[{"href":"https:\/\/www.esbjerggolfklub.dk\/da\/wp-json\/wp\/v2\/pages\/12280","targetHints":{"allow":["GET"]}}],"collection":[{"href":"https:\/\/www.esbjerggolfklub.dk\/da\/wp-json\/wp\/v2\/pages"}],"about":[{"href":"https:\/\/www.esbjerggolfklub.dk\/da\/wp-json\/wp\/v2\/types\/page"}],"author":[{"embeddable":true,"href":"https:\/\/www.esbjerggolfklub.dk\/da\/wp-json\/wp\/v2\/users\/5"}],"replies":[{"embeddable":true,"href":"https:\/\/www.esbjerggolfklub.dk\/da\/wp-json\/wp\/v2\/comments?post=12280"}],"version-history":[{"count":40,"href":"https:\/\/www.esbjerggolfklub.dk\/da\/wp-json\/wp\/v2\/pages\/12280\/revisions"}],"predecessor-version":[{"id":17858,"href":"https:\/\/www.esbjerggolfklub.dk\/da\/wp-json\/wp\/v2\/pages\/12280\/revisions\/17858"}],"up":[{"embeddable":true,"href":"https:\/\/www.esbjerggolfklub.dk\/da\/wp-json\/wp\/v2\/pages\/11459"}],"wp:attachment":[{"href":"https:\/\/www.esbjerggolfklub.dk\/da\/wp-json\/wp\/v2\/media?parent=12280"}],"curies":[{"name":"wp","href":"https:\/\/api.w.org\/{rel}","templated":true}]}}