{"id":16644,"date":"2025-09-16T14:11:14","date_gmt":"2025-09-16T12:11:39","guid":{"rendered":"https:\/\/www.esbjerggolfklub.dk\/?page_id=16644"},"modified":"2026-03-24T11:29:59","modified_gmt":"2026-03-24T10:29:59","slug":"frederik-bens-foraarstraening","status":"publish","type":"page","link":"https:\/\/www.esbjerggolfklub.dk\/da\/golf-akademi-esbjerg-2\/undervisning\/frederik-bens-foraarstraening\/","title":{"rendered":"Frederik &#038; Bens For\u00e5rstr\u00e6ning"},"content":{"rendered":"","protected":false},"excerpt":{"rendered":"","protected":false},"author":17,"featured_media":0,"parent":6835,"menu_order":83,"comment_status":"closed","ping_status":"closed","template":"","meta":{"_acf_changed":false,"footnotes":""},"class_list":["post-16644","page","type-page","status-publish","hentry"],"acf":[],"yoast_head":"<!-- This site is optimized with the Yoast SEO plugin v27.1 - https:\/\/yoast.com\/product\/yoast-seo-wordpress\/ -->\n<title>Frederik &amp; Bens For\u00e5rstr\u00e6ning - Esbjerg Golfklub<\/title>\n<meta name=\"description\" content=\"Det bliver sjovt og l\u00e6rerigt. Du bestemmer selv hvor meget tr\u00e6ning du vil have og hvilke emner.\" \/>\n<meta name=\"robots\" content=\"index, follow, max-snippet:-1, max-image-preview:large, max-video-preview:-1\" \/>\n<link rel=\"canonical\" href=\"https:\/\/www.esbjerggolfklub.dk\/da\/golf-akademi-esbjerg-2\/undervisning\/frederik-bens-foraarstraening\/\" \/>\n<meta property=\"og:locale\" content=\"da_DK\" \/>\n<meta property=\"og:type\" content=\"article\" \/>\n<meta property=\"og:title\" content=\"Frederik &amp; Bens For\u00e5rstr\u00e6ning - Esbjerg Golfklub\" \/>\n<meta property=\"og:description\" content=\"Det bliver sjovt og l\u00e6rerigt. Du bestemmer selv hvor meget tr\u00e6ning du vil have og hvilke emner.\" \/>\n<meta property=\"og:url\" content=\"https:\/\/www.esbjerggolfklub.dk\/da\/golf-akademi-esbjerg-2\/undervisning\/frederik-bens-foraarstraening\/\" \/>\n<meta property=\"og:site_name\" content=\"Esbjerg Golfklub\" \/>\n<meta property=\"article:publisher\" content=\"https:\/\/www.facebook.com\/esbjerggolfklub\/\" \/>\n<meta property=\"article:modified_time\" content=\"2026-03-24T10:29:59+00:00\" \/>\n<meta name=\"twitter:card\" content=\"summary_large_image\" \/>\n<meta name=\"twitter:label1\" content=\"Est. reading time\" \/>\n\t<meta name=\"twitter:data1\" content=\"3 minutter\" \/>\n<script type=\"application\/ld+json\" class=\"yoast-schema-graph\">{\"@context\":\"https:\/\/schema.org\",\"@graph\":[{\"@type\":\"WebPage\",\"@id\":\"https:\/\/www.esbjerggolfklub.dk\/da\/golf-akademi-esbjerg-2\/undervisning\/frederik-bens-foraarstraening\/\",\"url\":\"https:\/\/www.esbjerggolfklub.dk\/da\/golf-akademi-esbjerg-2\/undervisning\/frederik-bens-foraarstraening\/\",\"name\":\"Frederik & Bens For\u00e5rstr\u00e6ning - Esbjerg Golfklub\",\"isPartOf\":{\"@id\":\"https:\/\/www.esbjerggolfklub.dk\/da\/#website\"},\"datePublished\":\"2025-09-16T12:11:39+00:00\",\"dateModified\":\"2026-03-24T10:29:59+00:00\",\"description\":\"Det bliver sjovt og l\u00e6rerigt. Du bestemmer selv hvor meget tr\u00e6ning du vil have og hvilke emner.\",\"breadcrumb\":{\"@id\":\"https:\/\/www.esbjerggolfklub.dk\/da\/golf-akademi-esbjerg-2\/undervisning\/frederik-bens-foraarstraening\/#breadcrumb\"},\"inLanguage\":\"da-DK\",\"potentialAction\":[{\"@type\":\"ReadAction\",\"target\":[\"https:\/\/www.esbjerggolfklub.dk\/da\/golf-akademi-esbjerg-2\/undervisning\/frederik-bens-foraarstraening\/\"]}]},{\"@type\":\"BreadcrumbList\",\"@id\":\"https:\/\/www.esbjerggolfklub.dk\/da\/golf-akademi-esbjerg-2\/undervisning\/frederik-bens-foraarstraening\/#breadcrumb\",\"itemListElement\":[{\"@type\":\"ListItem\",\"position\":1,\"name\":\"Home\",\"item\":\"https:\/\/www.esbjerggolfklub.dk\/da\/\"},{\"@type\":\"ListItem\",\"position\":2,\"name\":\"Golf Akademi\",\"item\":\"https:\/\/www.esbjerggolfklub.dk\/da\/golf-akademi-esbjerg-2\/\"},{\"@type\":\"ListItem\",\"position\":3,\"name\":\"Undervisning\",\"item\":\"https:\/\/www.esbjerggolfklub.dk\/da\/golf-akademi-esbjerg-2\/undervisning\/\"},{\"@type\":\"ListItem\",\"position\":4,\"name\":\"Frederik &#038; Bens For\u00e5rstr\u00e6ning\"}]},{\"@type\":\"WebSite\",\"@id\":\"https:\/\/www.esbjerggolfklub.dk\/da\/#website\",\"url\":\"https:\/\/www.esbjerggolfklub.dk\/da\/\",\"name\":\"Esbjerg Golfklub\",\"description\":\"\",\"potentialAction\":[{\"@type\":\"SearchAction\",\"target\":{\"@type\":\"EntryPoint\",\"urlTemplate\":\"https:\/\/www.esbjerggolfklub.dk\/da\/?s={search_term_string}\"},\"query-input\":{\"@type\":\"PropertyValueSpecification\",\"valueRequired\":true,\"valueName\":\"search_term_string\"}}],\"inLanguage\":\"da-DK\"}]}<\/script>\n<!-- \/ Yoast SEO plugin. -->","yoast_head_json":{"title":"Frederik & Bens For\u00e5rstr\u00e6ning - Esbjerg Golfklub","description":"Det bliver sjovt og l\u00e6rerigt. Du bestemmer selv hvor meget tr\u00e6ning du vil have og hvilke emner.","robots":{"index":"index","follow":"follow","max-snippet":"max-snippet:-1","max-image-preview":"max-image-preview:large","max-video-preview":"max-video-preview:-1"},"canonical":"https:\/\/www.esbjerggolfklub.dk\/da\/golf-akademi-esbjerg-2\/undervisning\/frederik-bens-foraarstraening\/","og_locale":"da_DK","og_type":"article","og_title":"Frederik & Bens For\u00e5rstr\u00e6ning - Esbjerg Golfklub","og_description":"Det bliver sjovt og l\u00e6rerigt. Du bestemmer selv hvor meget tr\u00e6ning du vil have og hvilke emner.","og_url":"https:\/\/www.esbjerggolfklub.dk\/da\/golf-akademi-esbjerg-2\/undervisning\/frederik-bens-foraarstraening\/","og_site_name":"Esbjerg Golfklub","article_publisher":"https:\/\/www.facebook.com\/esbjerggolfklub\/","article_modified_time":"2026-03-24T10:29:59+00:00","twitter_card":"summary_large_image","twitter_misc":{"Est. reading time":"3 minutter"},"schema":{"@context":"https:\/\/schema.org","@graph":[{"@type":"WebPage","@id":"https:\/\/www.esbjerggolfklub.dk\/da\/golf-akademi-esbjerg-2\/undervisning\/frederik-bens-foraarstraening\/","url":"https:\/\/www.esbjerggolfklub.dk\/da\/golf-akademi-esbjerg-2\/undervisning\/frederik-bens-foraarstraening\/","name":"Frederik & Bens For\u00e5rstr\u00e6ning - Esbjerg Golfklub","isPartOf":{"@id":"https:\/\/www.esbjerggolfklub.dk\/da\/#website"},"datePublished":"2025-09-16T12:11:39+00:00","dateModified":"2026-03-24T10:29:59+00:00","description":"Det bliver sjovt og l\u00e6rerigt. Du bestemmer selv hvor meget tr\u00e6ning du vil have og hvilke emner.","breadcrumb":{"@id":"https:\/\/www.esbjerggolfklub.dk\/da\/golf-akademi-esbjerg-2\/undervisning\/frederik-bens-foraarstraening\/#breadcrumb"},"inLanguage":"da-DK","potentialAction":[{"@type":"ReadAction","target":["https:\/\/www.esbjerggolfklub.dk\/da\/golf-akademi-esbjerg-2\/undervisning\/frederik-bens-foraarstraening\/"]}]},{"@type":"BreadcrumbList","@id":"https:\/\/www.esbjerggolfklub.dk\/da\/golf-akademi-esbjerg-2\/undervisning\/frederik-bens-foraarstraening\/#breadcrumb","itemListElement":[{"@type":"ListItem","position":1,"name":"Home","item":"https:\/\/www.esbjerggolfklub.dk\/da\/"},{"@type":"ListItem","position":2,"name":"Golf Akademi","item":"https:\/\/www.esbjerggolfklub.dk\/da\/golf-akademi-esbjerg-2\/"},{"@type":"ListItem","position":3,"name":"Undervisning","item":"https:\/\/www.esbjerggolfklub.dk\/da\/golf-akademi-esbjerg-2\/undervisning\/"},{"@type":"ListItem","position":4,"name":"Frederik &#038; Bens For\u00e5rstr\u00e6ning"}]},{"@type":"WebSite","@id":"https:\/\/www.esbjerggolfklub.dk\/da\/#website","url":"https:\/\/www.esbjerggolfklub.dk\/da\/","name":"Esbjerg Golfklub","description":"","potentialAction":[{"@type":"SearchAction","target":{"@type":"EntryPoint","urlTemplate":"https:\/\/www.esbjerggolfklub.dk\/da\/?s={search_term_string}"},"query-input":{"@type":"PropertyValueSpecification","valueRequired":true,"valueName":"search_term_string"}}],"inLanguage":"da-DK"}]}},"_links":{"self":[{"href":"https:\/\/www.esbjerggolfklub.dk\/da\/wp-json\/wp\/v2\/pages\/16644","targetHints":{"allow":["GET"]}}],"collection":[{"href":"https:\/\/www.esbjerggolfklub.dk\/da\/wp-json\/wp\/v2\/pages"}],"about":[{"href":"https:\/\/www.esbjerggolfklub.dk\/da\/wp-json\/wp\/v2\/types\/page"}],"author":[{"embeddable":true,"href":"https:\/\/www.esbjerggolfklub.dk\/da\/wp-json\/wp\/v2\/users\/17"}],"replies":[{"embeddable":true,"href":"https:\/\/www.esbjerggolfklub.dk\/da\/wp-json\/wp\/v2\/comments?post=16644"}],"version-history":[{"count":36,"href":"https:\/\/www.esbjerggolfklub.dk\/da\/wp-json\/wp\/v2\/pages\/16644\/revisions"}],"predecessor-version":[{"id":17321,"href":"https:\/\/www.esbjerggolfklub.dk\/da\/wp-json\/wp\/v2\/pages\/16644\/revisions\/17321"}],"up":[{"embeddable":true,"href":"https:\/\/www.esbjerggolfklub.dk\/da\/wp-json\/wp\/v2\/pages\/6835"}],"wp:attachment":[{"href":"https:\/\/www.esbjerggolfklub.dk\/da\/wp-json\/wp\/v2\/media?parent=16644"}],"curies":[{"name":"wp","href":"https:\/\/api.w.org\/{rel}","templated":true}]}}