{"id":546,"date":"2019-01-23T10:45:26","date_gmt":"2019-01-23T09:45:26","guid":{"rendered":"https:\/\/www.esbjerggolfklub.dk\/?page_id=546"},"modified":"2026-03-24T11:29:55","modified_gmt":"2026-03-24T10:29:55","slug":"medlemskaber","status":"publish","type":"page","link":"https:\/\/www.esbjerggolfklub.dk\/da\/klubben\/medlemskab\/medlemskaber\/","title":{"rendered":"Medlemskaber"},"content":{"rendered":"","protected":false},"excerpt":{"rendered":"","protected":false},"author":5,"featured_media":0,"parent":179,"menu_order":30,"comment_status":"closed","ping_status":"closed","template":"","meta":{"_acf_changed":false,"footnotes":""},"class_list":["post-546","page","type-page","status-publish","hentry"],"acf":[],"yoast_head":"<!-- This site is optimized with the Yoast SEO plugin v27.1 - https:\/\/yoast.com\/product\/yoast-seo-wordpress\/ -->\n<title>Bliv medlem af \u00e9n af Danmarks \u00e6ldste golfklubber - Esbjerg Golfklub<\/title>\n<meta name=\"description\" content=\"Som medlem af Esbjerg Golfklub kommer du til at spille p\u00e5 \u00e9n af de bedste baner i Danmark og Europa. Hos os er der plads til alle!\" \/>\n<meta name=\"robots\" content=\"index, follow, max-snippet:-1, max-image-preview:large, max-video-preview:-1\" \/>\n<link rel=\"canonical\" href=\"https:\/\/www.esbjerggolfklub.dk\/da\/klubben\/medlemskab\/medlemskaber\/\" \/>\n<meta property=\"og:locale\" content=\"da_DK\" \/>\n<meta property=\"og:type\" content=\"article\" \/>\n<meta property=\"og:title\" content=\"Bliv medlem af \u00e9n af Danmarks \u00e6ldste golfklubber - Esbjerg Golfklub\" \/>\n<meta property=\"og:description\" content=\"Som medlem af Esbjerg Golfklub kommer du til at spille p\u00e5 \u00e9n af de bedste baner i Danmark og Europa. Hos os er der plads til alle!\" \/>\n<meta property=\"og:url\" content=\"https:\/\/www.esbjerggolfklub.dk\/da\/klubben\/medlemskab\/medlemskaber\/\" \/>\n<meta property=\"og:site_name\" content=\"Esbjerg Golfklub\" \/>\n<meta property=\"article:publisher\" content=\"https:\/\/www.facebook.com\/esbjerggolfklub\/\" \/>\n<meta property=\"article:modified_time\" content=\"2026-03-24T10:29:55+00:00\" \/>\n<meta name=\"twitter:card\" content=\"summary_large_image\" \/>\n<meta name=\"twitter:label1\" content=\"Est. reading time\" \/>\n\t<meta name=\"twitter:data1\" content=\"3 minutter\" \/>\n<script type=\"application\/ld+json\" class=\"yoast-schema-graph\">{\"@context\":\"https:\/\/schema.org\",\"@graph\":[{\"@type\":\"WebPage\",\"@id\":\"https:\/\/www.esbjerggolfklub.dk\/da\/klubben\/medlemskab\/medlemskaber\/\",\"url\":\"https:\/\/www.esbjerggolfklub.dk\/da\/klubben\/medlemskab\/medlemskaber\/\",\"name\":\"Bliv medlem af \u00e9n af Danmarks \u00e6ldste golfklubber - Esbjerg Golfklub\",\"isPartOf\":{\"@id\":\"https:\/\/www.esbjerggolfklub.dk\/da\/#website\"},\"datePublished\":\"2019-01-23T09:45:26+00:00\",\"dateModified\":\"2026-03-24T10:29:55+00:00\",\"description\":\"Som medlem af Esbjerg Golfklub kommer du til at spille p\u00e5 \u00e9n af de bedste baner i Danmark og Europa. Hos os er der plads til alle!\",\"breadcrumb\":{\"@id\":\"https:\/\/www.esbjerggolfklub.dk\/da\/klubben\/medlemskab\/medlemskaber\/#breadcrumb\"},\"inLanguage\":\"da-DK\",\"potentialAction\":[{\"@type\":\"ReadAction\",\"target\":[\"https:\/\/www.esbjerggolfklub.dk\/da\/klubben\/medlemskab\/medlemskaber\/\"]}]},{\"@type\":\"BreadcrumbList\",\"@id\":\"https:\/\/www.esbjerggolfklub.dk\/da\/klubben\/medlemskab\/medlemskaber\/#breadcrumb\",\"itemListElement\":[{\"@type\":\"ListItem\",\"position\":1,\"name\":\"Home\",\"item\":\"https:\/\/www.esbjerggolfklub.dk\/da\/\"},{\"@type\":\"ListItem\",\"position\":2,\"name\":\"Klubben\",\"item\":\"https:\/\/www.esbjerggolfklub.dk\/da\/klubben\/\"},{\"@type\":\"ListItem\",\"position\":3,\"name\":\"Medlemskab\",\"item\":\"https:\/\/www.esbjerggolfklub.dk\/da\/klubben\/medlemskab\/\"},{\"@type\":\"ListItem\",\"position\":4,\"name\":\"Medlemskaber\"}]},{\"@type\":\"WebSite\",\"@id\":\"https:\/\/www.esbjerggolfklub.dk\/da\/#website\",\"url\":\"https:\/\/www.esbjerggolfklub.dk\/da\/\",\"name\":\"Esbjerg Golfklub\",\"description\":\"\",\"potentialAction\":[{\"@type\":\"SearchAction\",\"target\":{\"@type\":\"EntryPoint\",\"urlTemplate\":\"https:\/\/www.esbjerggolfklub.dk\/da\/?s={search_term_string}\"},\"query-input\":{\"@type\":\"PropertyValueSpecification\",\"valueRequired\":true,\"valueName\":\"search_term_string\"}}],\"inLanguage\":\"da-DK\"}]}<\/script>\n<!-- \/ Yoast SEO plugin. -->","yoast_head_json":{"title":"Bliv medlem af \u00e9n af Danmarks \u00e6ldste golfklubber - Esbjerg Golfklub","description":"Som medlem af Esbjerg Golfklub kommer du til at spille p\u00e5 \u00e9n af de bedste baner i Danmark og Europa. Hos os er der plads til alle!","robots":{"index":"index","follow":"follow","max-snippet":"max-snippet:-1","max-image-preview":"max-image-preview:large","max-video-preview":"max-video-preview:-1"},"canonical":"https:\/\/www.esbjerggolfklub.dk\/da\/klubben\/medlemskab\/medlemskaber\/","og_locale":"da_DK","og_type":"article","og_title":"Bliv medlem af \u00e9n af Danmarks \u00e6ldste golfklubber - Esbjerg Golfklub","og_description":"Som medlem af Esbjerg Golfklub kommer du til at spille p\u00e5 \u00e9n af de bedste baner i Danmark og Europa. Hos os er der plads til alle!","og_url":"https:\/\/www.esbjerggolfklub.dk\/da\/klubben\/medlemskab\/medlemskaber\/","og_site_name":"Esbjerg Golfklub","article_publisher":"https:\/\/www.facebook.com\/esbjerggolfklub\/","article_modified_time":"2026-03-24T10:29:55+00:00","twitter_card":"summary_large_image","twitter_misc":{"Est. reading time":"3 minutter"},"schema":{"@context":"https:\/\/schema.org","@graph":[{"@type":"WebPage","@id":"https:\/\/www.esbjerggolfklub.dk\/da\/klubben\/medlemskab\/medlemskaber\/","url":"https:\/\/www.esbjerggolfklub.dk\/da\/klubben\/medlemskab\/medlemskaber\/","name":"Bliv medlem af \u00e9n af Danmarks \u00e6ldste golfklubber - Esbjerg Golfklub","isPartOf":{"@id":"https:\/\/www.esbjerggolfklub.dk\/da\/#website"},"datePublished":"2019-01-23T09:45:26+00:00","dateModified":"2026-03-24T10:29:55+00:00","description":"Som medlem af Esbjerg Golfklub kommer du til at spille p\u00e5 \u00e9n af de bedste baner i Danmark og Europa. Hos os er der plads til alle!","breadcrumb":{"@id":"https:\/\/www.esbjerggolfklub.dk\/da\/klubben\/medlemskab\/medlemskaber\/#breadcrumb"},"inLanguage":"da-DK","potentialAction":[{"@type":"ReadAction","target":["https:\/\/www.esbjerggolfklub.dk\/da\/klubben\/medlemskab\/medlemskaber\/"]}]},{"@type":"BreadcrumbList","@id":"https:\/\/www.esbjerggolfklub.dk\/da\/klubben\/medlemskab\/medlemskaber\/#breadcrumb","itemListElement":[{"@type":"ListItem","position":1,"name":"Home","item":"https:\/\/www.esbjerggolfklub.dk\/da\/"},{"@type":"ListItem","position":2,"name":"Klubben","item":"https:\/\/www.esbjerggolfklub.dk\/da\/klubben\/"},{"@type":"ListItem","position":3,"name":"Medlemskab","item":"https:\/\/www.esbjerggolfklub.dk\/da\/klubben\/medlemskab\/"},{"@type":"ListItem","position":4,"name":"Medlemskaber"}]},{"@type":"WebSite","@id":"https:\/\/www.esbjerggolfklub.dk\/da\/#website","url":"https:\/\/www.esbjerggolfklub.dk\/da\/","name":"Esbjerg Golfklub","description":"","potentialAction":[{"@type":"SearchAction","target":{"@type":"EntryPoint","urlTemplate":"https:\/\/www.esbjerggolfklub.dk\/da\/?s={search_term_string}"},"query-input":{"@type":"PropertyValueSpecification","valueRequired":true,"valueName":"search_term_string"}}],"inLanguage":"da-DK"}]}},"_links":{"self":[{"href":"https:\/\/www.esbjerggolfklub.dk\/da\/wp-json\/wp\/v2\/pages\/546","targetHints":{"allow":["GET"]}}],"collection":[{"href":"https:\/\/www.esbjerggolfklub.dk\/da\/wp-json\/wp\/v2\/pages"}],"about":[{"href":"https:\/\/www.esbjerggolfklub.dk\/da\/wp-json\/wp\/v2\/types\/page"}],"author":[{"embeddable":true,"href":"https:\/\/www.esbjerggolfklub.dk\/da\/wp-json\/wp\/v2\/users\/5"}],"replies":[{"embeddable":true,"href":"https:\/\/www.esbjerggolfklub.dk\/da\/wp-json\/wp\/v2\/comments?post=546"}],"version-history":[{"count":124,"href":"https:\/\/www.esbjerggolfklub.dk\/da\/wp-json\/wp\/v2\/pages\/546\/revisions"}],"predecessor-version":[{"id":17273,"href":"https:\/\/www.esbjerggolfklub.dk\/da\/wp-json\/wp\/v2\/pages\/546\/revisions\/17273"}],"up":[{"embeddable":true,"href":"https:\/\/www.esbjerggolfklub.dk\/da\/wp-json\/wp\/v2\/pages\/179"}],"wp:attachment":[{"href":"https:\/\/www.esbjerggolfklub.dk\/da\/wp-json\/wp\/v2\/media?parent=546"}],"curies":[{"name":"wp","href":"https:\/\/api.w.org\/{rel}","templated":true}]}}