{"id":5856,"date":"2020-10-06T09:48:47","date_gmt":"2020-10-06T07:48:47","guid":{"rendered":"https:\/\/www.esbjerggolfklub.dk\/?page_id=5856"},"modified":"2026-04-27T11:41:57","modified_gmt":"2026-04-27T09:41:57","slug":"ny-golfspiller","status":"publish","type":"page","link":"https:\/\/www.esbjerggolfklub.dk\/da\/klubben\/medlemskab\/ny-golfspiller\/","title":{"rendered":"Ny golfspiller"},"content":{"rendered":"","protected":false},"excerpt":{"rendered":"","protected":false},"author":5,"featured_media":0,"parent":179,"menu_order":28,"comment_status":"closed","ping_status":"closed","template":"","meta":{"_acf_changed":false,"footnotes":""},"class_list":["post-5856","page","type-page","status-publish","hentry"],"acf":[],"yoast_head":"<!-- This site is optimized with the Yoast SEO plugin v27.3 - https:\/\/yoast.com\/product\/yoast-seo-wordpress\/ -->\n<title>Ny golfspiller - Esbjerg Golfklub<\/title>\n<meta name=\"description\" content=\"Vi s\u00e6tter stor pris p\u00e5 at yde den bedste service. Derfor har vi godt tilbud til dig, der gerne vil pr\u00f8ve kr\u00e6fter med golfsporten.\" \/>\n<meta name=\"robots\" content=\"index, follow, max-snippet:-1, max-image-preview:large, max-video-preview:-1\" \/>\n<link rel=\"canonical\" href=\"https:\/\/www.esbjerggolfklub.dk\/da\/klubben\/medlemskab\/ny-golfspiller\/\" \/>\n<meta property=\"og:locale\" content=\"da_DK\" \/>\n<meta property=\"og:type\" content=\"article\" \/>\n<meta property=\"og:title\" content=\"Ny golfspiller - Esbjerg Golfklub\" \/>\n<meta property=\"og:description\" content=\"Vi s\u00e6tter stor pris p\u00e5 at yde den bedste service. Derfor har vi godt tilbud til dig, der gerne vil pr\u00f8ve kr\u00e6fter med golfsporten.\" \/>\n<meta property=\"og:url\" content=\"https:\/\/www.esbjerggolfklub.dk\/da\/klubben\/medlemskab\/ny-golfspiller\/\" \/>\n<meta property=\"og:site_name\" content=\"Esbjerg Golfklub\" \/>\n<meta property=\"article:publisher\" content=\"https:\/\/www.facebook.com\/esbjerggolfklub\/\" \/>\n<meta property=\"article:modified_time\" content=\"2026-04-27T09:41:57+00:00\" \/>\n<meta name=\"twitter:card\" content=\"summary_large_image\" \/>\n<meta name=\"twitter:label1\" content=\"Est. reading time\" \/>\n\t<meta name=\"twitter:data1\" content=\"2 minutter\" \/>\n<script type=\"application\/ld+json\" class=\"yoast-schema-graph\">{\"@context\":\"https:\\\/\\\/schema.org\",\"@graph\":[{\"@type\":\"WebPage\",\"@id\":\"https:\\\/\\\/www.esbjerggolfklub.dk\\\/da\\\/klubben\\\/medlemskab\\\/ny-golfspiller\\\/\",\"url\":\"https:\\\/\\\/www.esbjerggolfklub.dk\\\/da\\\/klubben\\\/medlemskab\\\/ny-golfspiller\\\/\",\"name\":\"Ny golfspiller - Esbjerg Golfklub\",\"isPartOf\":{\"@id\":\"https:\\\/\\\/www.esbjerggolfklub.dk\\\/da\\\/#website\"},\"datePublished\":\"2020-10-06T07:48:47+00:00\",\"dateModified\":\"2026-04-27T09:41:57+00:00\",\"description\":\"Vi s\u00e6tter stor pris p\u00e5 at yde den bedste service. Derfor har vi godt tilbud til dig, der gerne vil pr\u00f8ve kr\u00e6fter med golfsporten.\",\"breadcrumb\":{\"@id\":\"https:\\\/\\\/www.esbjerggolfklub.dk\\\/da\\\/klubben\\\/medlemskab\\\/ny-golfspiller\\\/#breadcrumb\"},\"inLanguage\":\"da-DK\",\"potentialAction\":[{\"@type\":\"ReadAction\",\"target\":[\"https:\\\/\\\/www.esbjerggolfklub.dk\\\/da\\\/klubben\\\/medlemskab\\\/ny-golfspiller\\\/\"]}]},{\"@type\":\"BreadcrumbList\",\"@id\":\"https:\\\/\\\/www.esbjerggolfklub.dk\\\/da\\\/klubben\\\/medlemskab\\\/ny-golfspiller\\\/#breadcrumb\",\"itemListElement\":[{\"@type\":\"ListItem\",\"position\":1,\"name\":\"Home\",\"item\":\"https:\\\/\\\/www.esbjerggolfklub.dk\\\/da\\\/\"},{\"@type\":\"ListItem\",\"position\":2,\"name\":\"Klubben\",\"item\":\"https:\\\/\\\/www.esbjerggolfklub.dk\\\/da\\\/klubben\\\/\"},{\"@type\":\"ListItem\",\"position\":3,\"name\":\"Medlemskab\",\"item\":\"https:\\\/\\\/www.esbjerggolfklub.dk\\\/da\\\/klubben\\\/medlemskab\\\/\"},{\"@type\":\"ListItem\",\"position\":4,\"name\":\"Ny golfspiller\"}]},{\"@type\":\"WebSite\",\"@id\":\"https:\\\/\\\/www.esbjerggolfklub.dk\\\/da\\\/#website\",\"url\":\"https:\\\/\\\/www.esbjerggolfklub.dk\\\/da\\\/\",\"name\":\"Esbjerg Golfklub\",\"description\":\"\",\"potentialAction\":[{\"@type\":\"SearchAction\",\"target\":{\"@type\":\"EntryPoint\",\"urlTemplate\":\"https:\\\/\\\/www.esbjerggolfklub.dk\\\/da\\\/?s={search_term_string}\"},\"query-input\":{\"@type\":\"PropertyValueSpecification\",\"valueRequired\":true,\"valueName\":\"search_term_string\"}}],\"inLanguage\":\"da-DK\"}]}<\/script>\n<!-- \/ Yoast SEO plugin. -->","yoast_head_json":{"title":"Ny golfspiller - Esbjerg Golfklub","description":"Vi s\u00e6tter stor pris p\u00e5 at yde den bedste service. Derfor har vi godt tilbud til dig, der gerne vil pr\u00f8ve kr\u00e6fter med golfsporten.","robots":{"index":"index","follow":"follow","max-snippet":"max-snippet:-1","max-image-preview":"max-image-preview:large","max-video-preview":"max-video-preview:-1"},"canonical":"https:\/\/www.esbjerggolfklub.dk\/da\/klubben\/medlemskab\/ny-golfspiller\/","og_locale":"da_DK","og_type":"article","og_title":"Ny golfspiller - Esbjerg Golfklub","og_description":"Vi s\u00e6tter stor pris p\u00e5 at yde den bedste service. Derfor har vi godt tilbud til dig, der gerne vil pr\u00f8ve kr\u00e6fter med golfsporten.","og_url":"https:\/\/www.esbjerggolfklub.dk\/da\/klubben\/medlemskab\/ny-golfspiller\/","og_site_name":"Esbjerg Golfklub","article_publisher":"https:\/\/www.facebook.com\/esbjerggolfklub\/","article_modified_time":"2026-04-27T09:41:57+00:00","twitter_card":"summary_large_image","twitter_misc":{"Est. reading time":"2 minutter"},"schema":{"@context":"https:\/\/schema.org","@graph":[{"@type":"WebPage","@id":"https:\/\/www.esbjerggolfklub.dk\/da\/klubben\/medlemskab\/ny-golfspiller\/","url":"https:\/\/www.esbjerggolfklub.dk\/da\/klubben\/medlemskab\/ny-golfspiller\/","name":"Ny golfspiller - Esbjerg Golfklub","isPartOf":{"@id":"https:\/\/www.esbjerggolfklub.dk\/da\/#website"},"datePublished":"2020-10-06T07:48:47+00:00","dateModified":"2026-04-27T09:41:57+00:00","description":"Vi s\u00e6tter stor pris p\u00e5 at yde den bedste service. Derfor har vi godt tilbud til dig, der gerne vil pr\u00f8ve kr\u00e6fter med golfsporten.","breadcrumb":{"@id":"https:\/\/www.esbjerggolfklub.dk\/da\/klubben\/medlemskab\/ny-golfspiller\/#breadcrumb"},"inLanguage":"da-DK","potentialAction":[{"@type":"ReadAction","target":["https:\/\/www.esbjerggolfklub.dk\/da\/klubben\/medlemskab\/ny-golfspiller\/"]}]},{"@type":"BreadcrumbList","@id":"https:\/\/www.esbjerggolfklub.dk\/da\/klubben\/medlemskab\/ny-golfspiller\/#breadcrumb","itemListElement":[{"@type":"ListItem","position":1,"name":"Home","item":"https:\/\/www.esbjerggolfklub.dk\/da\/"},{"@type":"ListItem","position":2,"name":"Klubben","item":"https:\/\/www.esbjerggolfklub.dk\/da\/klubben\/"},{"@type":"ListItem","position":3,"name":"Medlemskab","item":"https:\/\/www.esbjerggolfklub.dk\/da\/klubben\/medlemskab\/"},{"@type":"ListItem","position":4,"name":"Ny golfspiller"}]},{"@type":"WebSite","@id":"https:\/\/www.esbjerggolfklub.dk\/da\/#website","url":"https:\/\/www.esbjerggolfklub.dk\/da\/","name":"Esbjerg Golfklub","description":"","potentialAction":[{"@type":"SearchAction","target":{"@type":"EntryPoint","urlTemplate":"https:\/\/www.esbjerggolfklub.dk\/da\/?s={search_term_string}"},"query-input":{"@type":"PropertyValueSpecification","valueRequired":true,"valueName":"search_term_string"}}],"inLanguage":"da-DK"}]}},"_links":{"self":[{"href":"https:\/\/www.esbjerggolfklub.dk\/da\/wp-json\/wp\/v2\/pages\/5856","targetHints":{"allow":["GET"]}}],"collection":[{"href":"https:\/\/www.esbjerggolfklub.dk\/da\/wp-json\/wp\/v2\/pages"}],"about":[{"href":"https:\/\/www.esbjerggolfklub.dk\/da\/wp-json\/wp\/v2\/types\/page"}],"author":[{"embeddable":true,"href":"https:\/\/www.esbjerggolfklub.dk\/da\/wp-json\/wp\/v2\/users\/5"}],"replies":[{"embeddable":true,"href":"https:\/\/www.esbjerggolfklub.dk\/da\/wp-json\/wp\/v2\/comments?post=5856"}],"version-history":[{"count":97,"href":"https:\/\/www.esbjerggolfklub.dk\/da\/wp-json\/wp\/v2\/pages\/5856\/revisions"}],"predecessor-version":[{"id":18170,"href":"https:\/\/www.esbjerggolfklub.dk\/da\/wp-json\/wp\/v2\/pages\/5856\/revisions\/18170"}],"up":[{"embeddable":true,"href":"https:\/\/www.esbjerggolfklub.dk\/da\/wp-json\/wp\/v2\/pages\/179"}],"wp:attachment":[{"href":"https:\/\/www.esbjerggolfklub.dk\/da\/wp-json\/wp\/v2\/media?parent=5856"}],"curies":[{"name":"wp","href":"https:\/\/api.w.org\/{rel}","templated":true}]}}