{"id":605,"date":"2019-01-24T12:05:04","date_gmt":"2019-01-24T11:05:04","guid":{"rendered":"https:\/\/www.esbjerggolfklub.dk\/?page_id=605"},"modified":"2026-04-16T11:23:33","modified_gmt":"2026-04-16T09:23:33","slug":"organisation","status":"publish","type":"page","link":"https:\/\/www.esbjerggolfklub.dk\/da\/klubben\/organisation\/","title":{"rendered":"Organisation"},"content":{"rendered":"","protected":false},"excerpt":{"rendered":"","protected":false},"author":5,"featured_media":0,"parent":182,"menu_order":63,"comment_status":"closed","ping_status":"closed","template":"page-subnav.php","meta":{"_acf_changed":false,"footnotes":""},"class_list":["post-605","page","type-page","status-publish","hentry"],"acf":[],"yoast_head":"<!-- This site is optimized with the Yoast SEO plugin v27.3 - https:\/\/yoast.com\/product\/yoast-seo-wordpress\/ -->\n<title>Organisation - Esbjerg Golfklub<\/title>\n<meta name=\"description\" content=\"Organisationen er hele fundamentet for Esbjerg Golfklubs eksistens og h\u00f8je niveau. L\u00e6r mere om organisationen her p\u00e5 siden\" \/>\n<meta name=\"robots\" content=\"index, follow, max-snippet:-1, max-image-preview:large, max-video-preview:-1\" \/>\n<link rel=\"canonical\" href=\"https:\/\/www.esbjerggolfklub.dk\/da\/klubben\/organisation\/\" \/>\n<meta property=\"og:locale\" content=\"da_DK\" \/>\n<meta property=\"og:type\" content=\"article\" \/>\n<meta property=\"og:title\" content=\"Organisation - Esbjerg Golfklub\" \/>\n<meta property=\"og:description\" content=\"Organisationen er hele fundamentet for Esbjerg Golfklubs eksistens og h\u00f8je niveau. L\u00e6r mere om organisationen her p\u00e5 siden\" \/>\n<meta property=\"og:url\" content=\"https:\/\/www.esbjerggolfklub.dk\/da\/klubben\/organisation\/\" \/>\n<meta property=\"og:site_name\" content=\"Esbjerg Golfklub\" \/>\n<meta property=\"article:publisher\" content=\"https:\/\/www.facebook.com\/esbjerggolfklub\/\" \/>\n<meta property=\"article:modified_time\" content=\"2026-04-16T09:23:33+00:00\" \/>\n<meta name=\"twitter:card\" content=\"summary_large_image\" \/>\n<script type=\"application\/ld+json\" class=\"yoast-schema-graph\">{\"@context\":\"https:\\\/\\\/schema.org\",\"@graph\":[{\"@type\":\"WebPage\",\"@id\":\"https:\\\/\\\/www.esbjerggolfklub.dk\\\/da\\\/klubben\\\/organisation\\\/\",\"url\":\"https:\\\/\\\/www.esbjerggolfklub.dk\\\/da\\\/klubben\\\/organisation\\\/\",\"name\":\"Organisation - Esbjerg Golfklub\",\"isPartOf\":{\"@id\":\"https:\\\/\\\/www.esbjerggolfklub.dk\\\/da\\\/#website\"},\"datePublished\":\"2019-01-24T11:05:04+00:00\",\"dateModified\":\"2026-04-16T09:23:33+00:00\",\"description\":\"Organisationen er hele fundamentet for Esbjerg Golfklubs eksistens og h\u00f8je niveau. L\u00e6r mere om organisationen her p\u00e5 siden\",\"breadcrumb\":{\"@id\":\"https:\\\/\\\/www.esbjerggolfklub.dk\\\/da\\\/klubben\\\/organisation\\\/#breadcrumb\"},\"inLanguage\":\"da-DK\",\"potentialAction\":[{\"@type\":\"ReadAction\",\"target\":[\"https:\\\/\\\/www.esbjerggolfklub.dk\\\/da\\\/klubben\\\/organisation\\\/\"]}]},{\"@type\":\"BreadcrumbList\",\"@id\":\"https:\\\/\\\/www.esbjerggolfklub.dk\\\/da\\\/klubben\\\/organisation\\\/#breadcrumb\",\"itemListElement\":[{\"@type\":\"ListItem\",\"position\":1,\"name\":\"Home\",\"item\":\"https:\\\/\\\/www.esbjerggolfklub.dk\\\/da\\\/\"},{\"@type\":\"ListItem\",\"position\":2,\"name\":\"Klubben\",\"item\":\"https:\\\/\\\/www.esbjerggolfklub.dk\\\/da\\\/klubben\\\/\"},{\"@type\":\"ListItem\",\"position\":3,\"name\":\"Organisation\"}]},{\"@type\":\"WebSite\",\"@id\":\"https:\\\/\\\/www.esbjerggolfklub.dk\\\/da\\\/#website\",\"url\":\"https:\\\/\\\/www.esbjerggolfklub.dk\\\/da\\\/\",\"name\":\"Esbjerg Golfklub\",\"description\":\"\",\"potentialAction\":[{\"@type\":\"SearchAction\",\"target\":{\"@type\":\"EntryPoint\",\"urlTemplate\":\"https:\\\/\\\/www.esbjerggolfklub.dk\\\/da\\\/?s={search_term_string}\"},\"query-input\":{\"@type\":\"PropertyValueSpecification\",\"valueRequired\":true,\"valueName\":\"search_term_string\"}}],\"inLanguage\":\"da-DK\"}]}<\/script>\n<!-- \/ Yoast SEO plugin. -->","yoast_head_json":{"title":"Organisation - Esbjerg Golfklub","description":"Organisationen er hele fundamentet for Esbjerg Golfklubs eksistens og h\u00f8je niveau. L\u00e6r mere om organisationen her p\u00e5 siden","robots":{"index":"index","follow":"follow","max-snippet":"max-snippet:-1","max-image-preview":"max-image-preview:large","max-video-preview":"max-video-preview:-1"},"canonical":"https:\/\/www.esbjerggolfklub.dk\/da\/klubben\/organisation\/","og_locale":"da_DK","og_type":"article","og_title":"Organisation - Esbjerg Golfklub","og_description":"Organisationen er hele fundamentet for Esbjerg Golfklubs eksistens og h\u00f8je niveau. L\u00e6r mere om organisationen her p\u00e5 siden","og_url":"https:\/\/www.esbjerggolfklub.dk\/da\/klubben\/organisation\/","og_site_name":"Esbjerg Golfklub","article_publisher":"https:\/\/www.facebook.com\/esbjerggolfklub\/","article_modified_time":"2026-04-16T09:23:33+00:00","twitter_card":"summary_large_image","schema":{"@context":"https:\/\/schema.org","@graph":[{"@type":"WebPage","@id":"https:\/\/www.esbjerggolfklub.dk\/da\/klubben\/organisation\/","url":"https:\/\/www.esbjerggolfklub.dk\/da\/klubben\/organisation\/","name":"Organisation - Esbjerg Golfklub","isPartOf":{"@id":"https:\/\/www.esbjerggolfklub.dk\/da\/#website"},"datePublished":"2019-01-24T11:05:04+00:00","dateModified":"2026-04-16T09:23:33+00:00","description":"Organisationen er hele fundamentet for Esbjerg Golfklubs eksistens og h\u00f8je niveau. L\u00e6r mere om organisationen her p\u00e5 siden","breadcrumb":{"@id":"https:\/\/www.esbjerggolfklub.dk\/da\/klubben\/organisation\/#breadcrumb"},"inLanguage":"da-DK","potentialAction":[{"@type":"ReadAction","target":["https:\/\/www.esbjerggolfklub.dk\/da\/klubben\/organisation\/"]}]},{"@type":"BreadcrumbList","@id":"https:\/\/www.esbjerggolfklub.dk\/da\/klubben\/organisation\/#breadcrumb","itemListElement":[{"@type":"ListItem","position":1,"name":"Home","item":"https:\/\/www.esbjerggolfklub.dk\/da\/"},{"@type":"ListItem","position":2,"name":"Klubben","item":"https:\/\/www.esbjerggolfklub.dk\/da\/klubben\/"},{"@type":"ListItem","position":3,"name":"Organisation"}]},{"@type":"WebSite","@id":"https:\/\/www.esbjerggolfklub.dk\/da\/#website","url":"https:\/\/www.esbjerggolfklub.dk\/da\/","name":"Esbjerg Golfklub","description":"","potentialAction":[{"@type":"SearchAction","target":{"@type":"EntryPoint","urlTemplate":"https:\/\/www.esbjerggolfklub.dk\/da\/?s={search_term_string}"},"query-input":{"@type":"PropertyValueSpecification","valueRequired":true,"valueName":"search_term_string"}}],"inLanguage":"da-DK"}]}},"_links":{"self":[{"href":"https:\/\/www.esbjerggolfklub.dk\/da\/wp-json\/wp\/v2\/pages\/605","targetHints":{"allow":["GET"]}}],"collection":[{"href":"https:\/\/www.esbjerggolfklub.dk\/da\/wp-json\/wp\/v2\/pages"}],"about":[{"href":"https:\/\/www.esbjerggolfklub.dk\/da\/wp-json\/wp\/v2\/types\/page"}],"author":[{"embeddable":true,"href":"https:\/\/www.esbjerggolfklub.dk\/da\/wp-json\/wp\/v2\/users\/5"}],"replies":[{"embeddable":true,"href":"https:\/\/www.esbjerggolfklub.dk\/da\/wp-json\/wp\/v2\/comments?post=605"}],"version-history":[{"count":6,"href":"https:\/\/www.esbjerggolfklub.dk\/da\/wp-json\/wp\/v2\/pages\/605\/revisions"}],"predecessor-version":[{"id":12144,"href":"https:\/\/www.esbjerggolfklub.dk\/da\/wp-json\/wp\/v2\/pages\/605\/revisions\/12144"}],"up":[{"embeddable":true,"href":"https:\/\/www.esbjerggolfklub.dk\/da\/wp-json\/wp\/v2\/pages\/182"}],"wp:attachment":[{"href":"https:\/\/www.esbjerggolfklub.dk\/da\/wp-json\/wp\/v2\/media?parent=605"}],"curies":[{"name":"wp","href":"https:\/\/api.w.org\/{rel}","templated":true}]}}