{"id":6431,"date":"2021-02-16T11:29:16","date_gmt":"2021-02-16T10:29:23","guid":{"rendered":"https:\/\/www.esbjerggolfklub.dk\/?page_id=6431"},"modified":"2026-04-16T11:23:34","modified_gmt":"2026-04-16T09:23:34","slug":"traenere","status":"publish","type":"page","link":"https:\/\/www.esbjerggolfklub.dk\/da\/golf-akademi-esbjerg-2\/traenere\/","title":{"rendered":"Tr\u00e6nere"},"content":{"rendered":"","protected":false},"excerpt":{"rendered":"","protected":false},"author":10,"featured_media":0,"parent":6429,"menu_order":80,"comment_status":"closed","ping_status":"closed","template":"","meta":{"_acf_changed":false,"footnotes":""},"class_list":["post-6431","page","type-page","status-publish","hentry"],"acf":[],"yoast_head":"<!-- This site is optimized with the Yoast SEO plugin v27.3 - https:\/\/yoast.com\/product\/yoast-seo-wordpress\/ -->\n<title>Tr\u00e6nere - Esbjerg Golfklub<\/title>\n<meta name=\"description\" content=\"Vores PGA tr\u00e6ner Ben og elev Frederik byder p\u00e5 en bred vifte af undervisningsmuligheder, lige fra enkeltlektioner til tr\u00e6ningsforl\u00f8b.\" \/>\n<meta name=\"robots\" content=\"index, follow, max-snippet:-1, max-image-preview:large, max-video-preview:-1\" \/>\n<link rel=\"canonical\" href=\"https:\/\/www.esbjerggolfklub.dk\/da\/golf-akademi-esbjerg-2\/traenere\/\" \/>\n<meta property=\"og:locale\" content=\"da_DK\" \/>\n<meta property=\"og:type\" content=\"article\" \/>\n<meta property=\"og:title\" content=\"Tr\u00e6nere - Esbjerg Golfklub\" \/>\n<meta property=\"og:description\" content=\"Vores PGA tr\u00e6ner Ben og elev Frederik byder p\u00e5 en bred vifte af undervisningsmuligheder, lige fra enkeltlektioner til tr\u00e6ningsforl\u00f8b.\" \/>\n<meta property=\"og:url\" content=\"https:\/\/www.esbjerggolfklub.dk\/da\/golf-akademi-esbjerg-2\/traenere\/\" \/>\n<meta property=\"og:site_name\" content=\"Esbjerg Golfklub\" \/>\n<meta property=\"article:publisher\" content=\"https:\/\/www.facebook.com\/esbjerggolfklub\/\" \/>\n<meta property=\"article:modified_time\" content=\"2026-04-16T09:23:34+00:00\" \/>\n<meta name=\"twitter:card\" content=\"summary_large_image\" \/>\n<meta name=\"twitter:label1\" content=\"Est. reading time\" \/>\n\t<meta name=\"twitter:data1\" content=\"2 minutter\" \/>\n<script type=\"application\/ld+json\" class=\"yoast-schema-graph\">{\"@context\":\"https:\\\/\\\/schema.org\",\"@graph\":[{\"@type\":\"WebPage\",\"@id\":\"https:\\\/\\\/www.esbjerggolfklub.dk\\\/da\\\/golf-akademi-esbjerg-2\\\/traenere\\\/\",\"url\":\"https:\\\/\\\/www.esbjerggolfklub.dk\\\/da\\\/golf-akademi-esbjerg-2\\\/traenere\\\/\",\"name\":\"Tr\u00e6nere - Esbjerg Golfklub\",\"isPartOf\":{\"@id\":\"https:\\\/\\\/www.esbjerggolfklub.dk\\\/da\\\/#website\"},\"datePublished\":\"2021-02-16T10:29:23+00:00\",\"dateModified\":\"2026-04-16T09:23:34+00:00\",\"description\":\"Vores PGA tr\u00e6ner Ben og elev Frederik byder p\u00e5 en bred vifte af undervisningsmuligheder, lige fra enkeltlektioner til tr\u00e6ningsforl\u00f8b.\",\"breadcrumb\":{\"@id\":\"https:\\\/\\\/www.esbjerggolfklub.dk\\\/da\\\/golf-akademi-esbjerg-2\\\/traenere\\\/#breadcrumb\"},\"inLanguage\":\"da-DK\",\"potentialAction\":[{\"@type\":\"ReadAction\",\"target\":[\"https:\\\/\\\/www.esbjerggolfklub.dk\\\/da\\\/golf-akademi-esbjerg-2\\\/traenere\\\/\"]}]},{\"@type\":\"BreadcrumbList\",\"@id\":\"https:\\\/\\\/www.esbjerggolfklub.dk\\\/da\\\/golf-akademi-esbjerg-2\\\/traenere\\\/#breadcrumb\",\"itemListElement\":[{\"@type\":\"ListItem\",\"position\":1,\"name\":\"Home\",\"item\":\"https:\\\/\\\/www.esbjerggolfklub.dk\\\/da\\\/\"},{\"@type\":\"ListItem\",\"position\":2,\"name\":\"Golf Akademi\",\"item\":\"https:\\\/\\\/www.esbjerggolfklub.dk\\\/da\\\/golf-akademi-esbjerg-2\\\/\"},{\"@type\":\"ListItem\",\"position\":3,\"name\":\"Tr\u00e6nere\"}]},{\"@type\":\"WebSite\",\"@id\":\"https:\\\/\\\/www.esbjerggolfklub.dk\\\/da\\\/#website\",\"url\":\"https:\\\/\\\/www.esbjerggolfklub.dk\\\/da\\\/\",\"name\":\"Esbjerg Golfklub\",\"description\":\"\",\"potentialAction\":[{\"@type\":\"SearchAction\",\"target\":{\"@type\":\"EntryPoint\",\"urlTemplate\":\"https:\\\/\\\/www.esbjerggolfklub.dk\\\/da\\\/?s={search_term_string}\"},\"query-input\":{\"@type\":\"PropertyValueSpecification\",\"valueRequired\":true,\"valueName\":\"search_term_string\"}}],\"inLanguage\":\"da-DK\"}]}<\/script>\n<!-- \/ Yoast SEO plugin. -->","yoast_head_json":{"title":"Tr\u00e6nere - Esbjerg Golfklub","description":"Vores PGA tr\u00e6ner Ben og elev Frederik byder p\u00e5 en bred vifte af undervisningsmuligheder, lige fra enkeltlektioner til tr\u00e6ningsforl\u00f8b.","robots":{"index":"index","follow":"follow","max-snippet":"max-snippet:-1","max-image-preview":"max-image-preview:large","max-video-preview":"max-video-preview:-1"},"canonical":"https:\/\/www.esbjerggolfklub.dk\/da\/golf-akademi-esbjerg-2\/traenere\/","og_locale":"da_DK","og_type":"article","og_title":"Tr\u00e6nere - Esbjerg Golfklub","og_description":"Vores PGA tr\u00e6ner Ben og elev Frederik byder p\u00e5 en bred vifte af undervisningsmuligheder, lige fra enkeltlektioner til tr\u00e6ningsforl\u00f8b.","og_url":"https:\/\/www.esbjerggolfklub.dk\/da\/golf-akademi-esbjerg-2\/traenere\/","og_site_name":"Esbjerg Golfklub","article_publisher":"https:\/\/www.facebook.com\/esbjerggolfklub\/","article_modified_time":"2026-04-16T09:23:34+00:00","twitter_card":"summary_large_image","twitter_misc":{"Est. reading time":"2 minutter"},"schema":{"@context":"https:\/\/schema.org","@graph":[{"@type":"WebPage","@id":"https:\/\/www.esbjerggolfklub.dk\/da\/golf-akademi-esbjerg-2\/traenere\/","url":"https:\/\/www.esbjerggolfklub.dk\/da\/golf-akademi-esbjerg-2\/traenere\/","name":"Tr\u00e6nere - Esbjerg Golfklub","isPartOf":{"@id":"https:\/\/www.esbjerggolfklub.dk\/da\/#website"},"datePublished":"2021-02-16T10:29:23+00:00","dateModified":"2026-04-16T09:23:34+00:00","description":"Vores PGA tr\u00e6ner Ben og elev Frederik byder p\u00e5 en bred vifte af undervisningsmuligheder, lige fra enkeltlektioner til tr\u00e6ningsforl\u00f8b.","breadcrumb":{"@id":"https:\/\/www.esbjerggolfklub.dk\/da\/golf-akademi-esbjerg-2\/traenere\/#breadcrumb"},"inLanguage":"da-DK","potentialAction":[{"@type":"ReadAction","target":["https:\/\/www.esbjerggolfklub.dk\/da\/golf-akademi-esbjerg-2\/traenere\/"]}]},{"@type":"BreadcrumbList","@id":"https:\/\/www.esbjerggolfklub.dk\/da\/golf-akademi-esbjerg-2\/traenere\/#breadcrumb","itemListElement":[{"@type":"ListItem","position":1,"name":"Home","item":"https:\/\/www.esbjerggolfklub.dk\/da\/"},{"@type":"ListItem","position":2,"name":"Golf Akademi","item":"https:\/\/www.esbjerggolfklub.dk\/da\/golf-akademi-esbjerg-2\/"},{"@type":"ListItem","position":3,"name":"Tr\u00e6nere"}]},{"@type":"WebSite","@id":"https:\/\/www.esbjerggolfklub.dk\/da\/#website","url":"https:\/\/www.esbjerggolfklub.dk\/da\/","name":"Esbjerg Golfklub","description":"","potentialAction":[{"@type":"SearchAction","target":{"@type":"EntryPoint","urlTemplate":"https:\/\/www.esbjerggolfklub.dk\/da\/?s={search_term_string}"},"query-input":{"@type":"PropertyValueSpecification","valueRequired":true,"valueName":"search_term_string"}}],"inLanguage":"da-DK"}]}},"_links":{"self":[{"href":"https:\/\/www.esbjerggolfklub.dk\/da\/wp-json\/wp\/v2\/pages\/6431","targetHints":{"allow":["GET"]}}],"collection":[{"href":"https:\/\/www.esbjerggolfklub.dk\/da\/wp-json\/wp\/v2\/pages"}],"about":[{"href":"https:\/\/www.esbjerggolfklub.dk\/da\/wp-json\/wp\/v2\/types\/page"}],"author":[{"embeddable":true,"href":"https:\/\/www.esbjerggolfklub.dk\/da\/wp-json\/wp\/v2\/users\/10"}],"replies":[{"embeddable":true,"href":"https:\/\/www.esbjerggolfklub.dk\/da\/wp-json\/wp\/v2\/comments?post=6431"}],"version-history":[{"count":55,"href":"https:\/\/www.esbjerggolfklub.dk\/da\/wp-json\/wp\/v2\/pages\/6431\/revisions"}],"predecessor-version":[{"id":15225,"href":"https:\/\/www.esbjerggolfklub.dk\/da\/wp-json\/wp\/v2\/pages\/6431\/revisions\/15225"}],"up":[{"embeddable":true,"href":"https:\/\/www.esbjerggolfklub.dk\/da\/wp-json\/wp\/v2\/pages\/6429"}],"wp:attachment":[{"href":"https:\/\/www.esbjerggolfklub.dk\/da\/wp-json\/wp\/v2\/media?parent=6431"}],"curies":[{"name":"wp","href":"https:\/\/api.w.org\/{rel}","templated":true}]}}