{"id":6835,"date":"2021-02-16T11:29:44","date_gmt":"2021-02-16T10:29:44","guid":{"rendered":"https:\/\/www.esbjerggolfklub.dk\/?page_id=6835"},"modified":"2026-04-16T11:23:35","modified_gmt":"2026-04-16T09:23:35","slug":"undervisning","status":"publish","type":"page","link":"https:\/\/www.esbjerggolfklub.dk\/da\/golf-akademi-esbjerg-2\/undervisning\/","title":{"rendered":"Undervisning"},"content":{"rendered":"","protected":false},"excerpt":{"rendered":"","protected":false},"author":10,"featured_media":0,"parent":6429,"menu_order":83,"comment_status":"closed","ping_status":"closed","template":"page-subnav.php","meta":{"_acf_changed":false,"footnotes":""},"class_list":["post-6835","page","type-page","status-publish","hentry"],"acf":[],"yoast_head":"<!-- This site is optimized with the Yoast SEO plugin v27.5 - https:\/\/yoast.com\/product\/yoast-seo-wordpress\/ -->\n<title>Golfundervisning - b\u00e5de lektioner og tr\u00e6ningsforl\u00f8b- Esbjerg Golfklub<\/title>\n<meta name=\"description\" content=\"Hos Golf Akademi Esbjerg tilbyder vi en bred vifte af golfundervisning - b\u00e5de lektioner og tr\u00e6ningsforl\u00f8b over flere gange.\" \/>\n<meta name=\"robots\" content=\"index, follow, max-snippet:-1, max-image-preview:large, max-video-preview:-1\" \/>\n<link rel=\"canonical\" href=\"https:\/\/www.esbjerggolfklub.dk\/da\/golf-akademi-esbjerg-2\/undervisning\/\" \/>\n<meta property=\"og:locale\" content=\"da_DK\" \/>\n<meta property=\"og:type\" content=\"article\" \/>\n<meta property=\"og:title\" content=\"Golfundervisning - b\u00e5de lektioner og tr\u00e6ningsforl\u00f8b- Esbjerg Golfklub\" \/>\n<meta property=\"og:description\" content=\"Hos Golf Akademi Esbjerg tilbyder vi en bred vifte af golfundervisning - b\u00e5de lektioner og tr\u00e6ningsforl\u00f8b over flere gange.\" \/>\n<meta property=\"og:url\" content=\"https:\/\/www.esbjerggolfklub.dk\/da\/golf-akademi-esbjerg-2\/undervisning\/\" \/>\n<meta property=\"og:site_name\" content=\"Esbjerg Golfklub\" \/>\n<meta property=\"article:publisher\" content=\"https:\/\/www.facebook.com\/esbjerggolfklub\/\" \/>\n<meta property=\"article:modified_time\" content=\"2026-04-16T09:23:35+00:00\" \/>\n<meta name=\"twitter:card\" content=\"summary_large_image\" \/>\n<meta name=\"twitter:label1\" content=\"Est. reading time\" \/>\n\t<meta name=\"twitter:data1\" content=\"1 minut\" \/>\n<script type=\"application\/ld+json\" class=\"yoast-schema-graph\">{\"@context\":\"https:\\\/\\\/schema.org\",\"@graph\":[{\"@type\":\"WebPage\",\"@id\":\"https:\\\/\\\/www.esbjerggolfklub.dk\\\/da\\\/golf-akademi-esbjerg-2\\\/undervisning\\\/\",\"url\":\"https:\\\/\\\/www.esbjerggolfklub.dk\\\/da\\\/golf-akademi-esbjerg-2\\\/undervisning\\\/\",\"name\":\"Golfundervisning - b\u00e5de lektioner og tr\u00e6ningsforl\u00f8b- Esbjerg Golfklub\",\"isPartOf\":{\"@id\":\"https:\\\/\\\/www.esbjerggolfklub.dk\\\/da\\\/#website\"},\"datePublished\":\"2021-02-16T10:29:44+00:00\",\"dateModified\":\"2026-04-16T09:23:35+00:00\",\"description\":\"Hos Golf Akademi Esbjerg tilbyder vi en bred vifte af golfundervisning - b\u00e5de lektioner og tr\u00e6ningsforl\u00f8b over flere gange.\",\"breadcrumb\":{\"@id\":\"https:\\\/\\\/www.esbjerggolfklub.dk\\\/da\\\/golf-akademi-esbjerg-2\\\/undervisning\\\/#breadcrumb\"},\"inLanguage\":\"da-DK\",\"potentialAction\":[{\"@type\":\"ReadAction\",\"target\":[\"https:\\\/\\\/www.esbjerggolfklub.dk\\\/da\\\/golf-akademi-esbjerg-2\\\/undervisning\\\/\"]}]},{\"@type\":\"BreadcrumbList\",\"@id\":\"https:\\\/\\\/www.esbjerggolfklub.dk\\\/da\\\/golf-akademi-esbjerg-2\\\/undervisning\\\/#breadcrumb\",\"itemListElement\":[{\"@type\":\"ListItem\",\"position\":1,\"name\":\"Home\",\"item\":\"https:\\\/\\\/www.esbjerggolfklub.dk\\\/da\\\/\"},{\"@type\":\"ListItem\",\"position\":2,\"name\":\"Golf Akademi\",\"item\":\"https:\\\/\\\/www.esbjerggolfklub.dk\\\/da\\\/golf-akademi-esbjerg-2\\\/\"},{\"@type\":\"ListItem\",\"position\":3,\"name\":\"Undervisning\"}]},{\"@type\":\"WebSite\",\"@id\":\"https:\\\/\\\/www.esbjerggolfklub.dk\\\/da\\\/#website\",\"url\":\"https:\\\/\\\/www.esbjerggolfklub.dk\\\/da\\\/\",\"name\":\"Esbjerg Golfklub\",\"description\":\"\",\"potentialAction\":[{\"@type\":\"SearchAction\",\"target\":{\"@type\":\"EntryPoint\",\"urlTemplate\":\"https:\\\/\\\/www.esbjerggolfklub.dk\\\/da\\\/?s={search_term_string}\"},\"query-input\":{\"@type\":\"PropertyValueSpecification\",\"valueRequired\":true,\"valueName\":\"search_term_string\"}}],\"inLanguage\":\"da-DK\"}]}<\/script>\n<!-- \/ Yoast SEO plugin. -->","yoast_head_json":{"title":"Golfundervisning - b\u00e5de lektioner og tr\u00e6ningsforl\u00f8b- Esbjerg Golfklub","description":"Hos Golf Akademi Esbjerg tilbyder vi en bred vifte af golfundervisning - b\u00e5de lektioner og tr\u00e6ningsforl\u00f8b over flere gange.","robots":{"index":"index","follow":"follow","max-snippet":"max-snippet:-1","max-image-preview":"max-image-preview:large","max-video-preview":"max-video-preview:-1"},"canonical":"https:\/\/www.esbjerggolfklub.dk\/da\/golf-akademi-esbjerg-2\/undervisning\/","og_locale":"da_DK","og_type":"article","og_title":"Golfundervisning - b\u00e5de lektioner og tr\u00e6ningsforl\u00f8b- Esbjerg Golfklub","og_description":"Hos Golf Akademi Esbjerg tilbyder vi en bred vifte af golfundervisning - b\u00e5de lektioner og tr\u00e6ningsforl\u00f8b over flere gange.","og_url":"https:\/\/www.esbjerggolfklub.dk\/da\/golf-akademi-esbjerg-2\/undervisning\/","og_site_name":"Esbjerg Golfklub","article_publisher":"https:\/\/www.facebook.com\/esbjerggolfklub\/","article_modified_time":"2026-04-16T09:23:35+00:00","twitter_card":"summary_large_image","twitter_misc":{"Est. reading time":"1 minut"},"schema":{"@context":"https:\/\/schema.org","@graph":[{"@type":"WebPage","@id":"https:\/\/www.esbjerggolfklub.dk\/da\/golf-akademi-esbjerg-2\/undervisning\/","url":"https:\/\/www.esbjerggolfklub.dk\/da\/golf-akademi-esbjerg-2\/undervisning\/","name":"Golfundervisning - b\u00e5de lektioner og tr\u00e6ningsforl\u00f8b- Esbjerg Golfklub","isPartOf":{"@id":"https:\/\/www.esbjerggolfklub.dk\/da\/#website"},"datePublished":"2021-02-16T10:29:44+00:00","dateModified":"2026-04-16T09:23:35+00:00","description":"Hos Golf Akademi Esbjerg tilbyder vi en bred vifte af golfundervisning - b\u00e5de lektioner og tr\u00e6ningsforl\u00f8b over flere gange.","breadcrumb":{"@id":"https:\/\/www.esbjerggolfklub.dk\/da\/golf-akademi-esbjerg-2\/undervisning\/#breadcrumb"},"inLanguage":"da-DK","potentialAction":[{"@type":"ReadAction","target":["https:\/\/www.esbjerggolfklub.dk\/da\/golf-akademi-esbjerg-2\/undervisning\/"]}]},{"@type":"BreadcrumbList","@id":"https:\/\/www.esbjerggolfklub.dk\/da\/golf-akademi-esbjerg-2\/undervisning\/#breadcrumb","itemListElement":[{"@type":"ListItem","position":1,"name":"Home","item":"https:\/\/www.esbjerggolfklub.dk\/da\/"},{"@type":"ListItem","position":2,"name":"Golf Akademi","item":"https:\/\/www.esbjerggolfklub.dk\/da\/golf-akademi-esbjerg-2\/"},{"@type":"ListItem","position":3,"name":"Undervisning"}]},{"@type":"WebSite","@id":"https:\/\/www.esbjerggolfklub.dk\/da\/#website","url":"https:\/\/www.esbjerggolfklub.dk\/da\/","name":"Esbjerg Golfklub","description":"","potentialAction":[{"@type":"SearchAction","target":{"@type":"EntryPoint","urlTemplate":"https:\/\/www.esbjerggolfklub.dk\/da\/?s={search_term_string}"},"query-input":{"@type":"PropertyValueSpecification","valueRequired":true,"valueName":"search_term_string"}}],"inLanguage":"da-DK"}]}},"_links":{"self":[{"href":"https:\/\/www.esbjerggolfklub.dk\/da\/wp-json\/wp\/v2\/pages\/6835","targetHints":{"allow":["GET"]}}],"collection":[{"href":"https:\/\/www.esbjerggolfklub.dk\/da\/wp-json\/wp\/v2\/pages"}],"about":[{"href":"https:\/\/www.esbjerggolfklub.dk\/da\/wp-json\/wp\/v2\/types\/page"}],"author":[{"embeddable":true,"href":"https:\/\/www.esbjerggolfklub.dk\/da\/wp-json\/wp\/v2\/users\/10"}],"replies":[{"embeddable":true,"href":"https:\/\/www.esbjerggolfklub.dk\/da\/wp-json\/wp\/v2\/comments?post=6835"}],"version-history":[{"count":2,"href":"https:\/\/www.esbjerggolfklub.dk\/da\/wp-json\/wp\/v2\/pages\/6835\/revisions"}],"predecessor-version":[{"id":14072,"href":"https:\/\/www.esbjerggolfklub.dk\/da\/wp-json\/wp\/v2\/pages\/6835\/revisions\/14072"}],"up":[{"embeddable":true,"href":"https:\/\/www.esbjerggolfklub.dk\/da\/wp-json\/wp\/v2\/pages\/6429"}],"wp:attachment":[{"href":"https:\/\/www.esbjerggolfklub.dk\/da\/wp-json\/wp\/v2\/media?parent=6835"}],"curies":[{"name":"wp","href":"https:\/\/api.w.org\/{rel}","templated":true}]}}