{"id":6968,"date":"2021-03-17T14:36:30","date_gmt":"2021-03-17T13:36:30","guid":{"rendered":"https:\/\/www.esbjerggolfklub.dk\/?page_id=6968"},"modified":"2026-04-16T11:23:32","modified_gmt":"2026-04-16T09:23:32","slug":"marshall-ordning","status":"publish","type":"page","link":"https:\/\/www.esbjerggolfklub.dk\/da\/klubben\/klubliv\/marshall-ordning\/","title":{"rendered":"Marshall-ordning"},"content":{"rendered":"","protected":false},"excerpt":{"rendered":"","protected":false},"author":10,"featured_media":0,"parent":11459,"menu_order":52,"comment_status":"closed","ping_status":"closed","template":"","meta":{"_acf_changed":false,"footnotes":""},"class_list":["post-6968","page","type-page","status-publish","hentry"],"acf":[],"yoast_head":"<!-- This site is optimized with the Yoast SEO plugin v27.3 - https:\/\/yoast.com\/product\/yoast-seo-wordpress\/ -->\n<title>Marshall-ordning - Esbjerg Golfklub<\/title>\n<meta name=\"description\" content=\"Esbjerg Golfklub har indf\u00f8rt en Marshall-ordning for at sikre at medlemmer og g\u00e6ster f\u00e5r en god oplevelse p\u00e5 vores golfbaner.\" \/>\n<meta name=\"robots\" content=\"index, follow, max-snippet:-1, max-image-preview:large, max-video-preview:-1\" \/>\n<link rel=\"canonical\" href=\"https:\/\/www.esbjerggolfklub.dk\/da\/klubben\/klubliv\/marshall-ordning\/\" \/>\n<meta property=\"og:locale\" content=\"da_DK\" \/>\n<meta property=\"og:type\" content=\"article\" \/>\n<meta property=\"og:title\" content=\"Marshall-ordning - Esbjerg Golfklub\" \/>\n<meta property=\"og:description\" content=\"Esbjerg Golfklub har indf\u00f8rt en Marshall-ordning for at sikre at medlemmer og g\u00e6ster f\u00e5r en god oplevelse p\u00e5 vores golfbaner.\" \/>\n<meta property=\"og:url\" content=\"https:\/\/www.esbjerggolfklub.dk\/da\/klubben\/klubliv\/marshall-ordning\/\" \/>\n<meta property=\"og:site_name\" content=\"Esbjerg Golfklub\" \/>\n<meta property=\"article:publisher\" content=\"https:\/\/www.facebook.com\/esbjerggolfklub\/\" \/>\n<meta property=\"article:modified_time\" content=\"2026-04-16T09:23:32+00:00\" \/>\n<meta name=\"twitter:card\" content=\"summary_large_image\" \/>\n<script type=\"application\/ld+json\" class=\"yoast-schema-graph\">{\"@context\":\"https:\\\/\\\/schema.org\",\"@graph\":[{\"@type\":\"WebPage\",\"@id\":\"https:\\\/\\\/www.esbjerggolfklub.dk\\\/da\\\/klubben\\\/klubliv\\\/marshall-ordning\\\/\",\"url\":\"https:\\\/\\\/www.esbjerggolfklub.dk\\\/da\\\/klubben\\\/klubliv\\\/marshall-ordning\\\/\",\"name\":\"Marshall-ordning - Esbjerg Golfklub\",\"isPartOf\":{\"@id\":\"https:\\\/\\\/www.esbjerggolfklub.dk\\\/da\\\/#website\"},\"datePublished\":\"2021-03-17T13:36:30+00:00\",\"dateModified\":\"2026-04-16T09:23:32+00:00\",\"description\":\"Esbjerg Golfklub har indf\u00f8rt en Marshall-ordning for at sikre at medlemmer og g\u00e6ster f\u00e5r en god oplevelse p\u00e5 vores golfbaner.\",\"breadcrumb\":{\"@id\":\"https:\\\/\\\/www.esbjerggolfklub.dk\\\/da\\\/klubben\\\/klubliv\\\/marshall-ordning\\\/#breadcrumb\"},\"inLanguage\":\"da-DK\",\"potentialAction\":[{\"@type\":\"ReadAction\",\"target\":[\"https:\\\/\\\/www.esbjerggolfklub.dk\\\/da\\\/klubben\\\/klubliv\\\/marshall-ordning\\\/\"]}]},{\"@type\":\"BreadcrumbList\",\"@id\":\"https:\\\/\\\/www.esbjerggolfklub.dk\\\/da\\\/klubben\\\/klubliv\\\/marshall-ordning\\\/#breadcrumb\",\"itemListElement\":[{\"@type\":\"ListItem\",\"position\":1,\"name\":\"Home\",\"item\":\"https:\\\/\\\/www.esbjerggolfklub.dk\\\/da\\\/\"},{\"@type\":\"ListItem\",\"position\":2,\"name\":\"Klubben\",\"item\":\"https:\\\/\\\/www.esbjerggolfklub.dk\\\/da\\\/klubben\\\/\"},{\"@type\":\"ListItem\",\"position\":3,\"name\":\"Klubliv\",\"item\":\"https:\\\/\\\/www.esbjerggolfklub.dk\\\/da\\\/klubben\\\/klubliv\\\/\"},{\"@type\":\"ListItem\",\"position\":4,\"name\":\"Marshall-ordning\"}]},{\"@type\":\"WebSite\",\"@id\":\"https:\\\/\\\/www.esbjerggolfklub.dk\\\/da\\\/#website\",\"url\":\"https:\\\/\\\/www.esbjerggolfklub.dk\\\/da\\\/\",\"name\":\"Esbjerg Golfklub\",\"description\":\"\",\"potentialAction\":[{\"@type\":\"SearchAction\",\"target\":{\"@type\":\"EntryPoint\",\"urlTemplate\":\"https:\\\/\\\/www.esbjerggolfklub.dk\\\/da\\\/?s={search_term_string}\"},\"query-input\":{\"@type\":\"PropertyValueSpecification\",\"valueRequired\":true,\"valueName\":\"search_term_string\"}}],\"inLanguage\":\"da-DK\"}]}<\/script>\n<!-- \/ Yoast SEO plugin. -->","yoast_head_json":{"title":"Marshall-ordning - Esbjerg Golfklub","description":"Esbjerg Golfklub har indf\u00f8rt en Marshall-ordning for at sikre at medlemmer og g\u00e6ster f\u00e5r en god oplevelse p\u00e5 vores golfbaner.","robots":{"index":"index","follow":"follow","max-snippet":"max-snippet:-1","max-image-preview":"max-image-preview:large","max-video-preview":"max-video-preview:-1"},"canonical":"https:\/\/www.esbjerggolfklub.dk\/da\/klubben\/klubliv\/marshall-ordning\/","og_locale":"da_DK","og_type":"article","og_title":"Marshall-ordning - Esbjerg Golfklub","og_description":"Esbjerg Golfklub har indf\u00f8rt en Marshall-ordning for at sikre at medlemmer og g\u00e6ster f\u00e5r en god oplevelse p\u00e5 vores golfbaner.","og_url":"https:\/\/www.esbjerggolfklub.dk\/da\/klubben\/klubliv\/marshall-ordning\/","og_site_name":"Esbjerg Golfklub","article_publisher":"https:\/\/www.facebook.com\/esbjerggolfklub\/","article_modified_time":"2026-04-16T09:23:32+00:00","twitter_card":"summary_large_image","schema":{"@context":"https:\/\/schema.org","@graph":[{"@type":"WebPage","@id":"https:\/\/www.esbjerggolfklub.dk\/da\/klubben\/klubliv\/marshall-ordning\/","url":"https:\/\/www.esbjerggolfklub.dk\/da\/klubben\/klubliv\/marshall-ordning\/","name":"Marshall-ordning - Esbjerg Golfklub","isPartOf":{"@id":"https:\/\/www.esbjerggolfklub.dk\/da\/#website"},"datePublished":"2021-03-17T13:36:30+00:00","dateModified":"2026-04-16T09:23:32+00:00","description":"Esbjerg Golfklub har indf\u00f8rt en Marshall-ordning for at sikre at medlemmer og g\u00e6ster f\u00e5r en god oplevelse p\u00e5 vores golfbaner.","breadcrumb":{"@id":"https:\/\/www.esbjerggolfklub.dk\/da\/klubben\/klubliv\/marshall-ordning\/#breadcrumb"},"inLanguage":"da-DK","potentialAction":[{"@type":"ReadAction","target":["https:\/\/www.esbjerggolfklub.dk\/da\/klubben\/klubliv\/marshall-ordning\/"]}]},{"@type":"BreadcrumbList","@id":"https:\/\/www.esbjerggolfklub.dk\/da\/klubben\/klubliv\/marshall-ordning\/#breadcrumb","itemListElement":[{"@type":"ListItem","position":1,"name":"Home","item":"https:\/\/www.esbjerggolfklub.dk\/da\/"},{"@type":"ListItem","position":2,"name":"Klubben","item":"https:\/\/www.esbjerggolfklub.dk\/da\/klubben\/"},{"@type":"ListItem","position":3,"name":"Klubliv","item":"https:\/\/www.esbjerggolfklub.dk\/da\/klubben\/klubliv\/"},{"@type":"ListItem","position":4,"name":"Marshall-ordning"}]},{"@type":"WebSite","@id":"https:\/\/www.esbjerggolfklub.dk\/da\/#website","url":"https:\/\/www.esbjerggolfklub.dk\/da\/","name":"Esbjerg Golfklub","description":"","potentialAction":[{"@type":"SearchAction","target":{"@type":"EntryPoint","urlTemplate":"https:\/\/www.esbjerggolfklub.dk\/da\/?s={search_term_string}"},"query-input":{"@type":"PropertyValueSpecification","valueRequired":true,"valueName":"search_term_string"}}],"inLanguage":"da-DK"}]}},"_links":{"self":[{"href":"https:\/\/www.esbjerggolfklub.dk\/da\/wp-json\/wp\/v2\/pages\/6968","targetHints":{"allow":["GET"]}}],"collection":[{"href":"https:\/\/www.esbjerggolfklub.dk\/da\/wp-json\/wp\/v2\/pages"}],"about":[{"href":"https:\/\/www.esbjerggolfklub.dk\/da\/wp-json\/wp\/v2\/types\/page"}],"author":[{"embeddable":true,"href":"https:\/\/www.esbjerggolfklub.dk\/da\/wp-json\/wp\/v2\/users\/10"}],"replies":[{"embeddable":true,"href":"https:\/\/www.esbjerggolfklub.dk\/da\/wp-json\/wp\/v2\/comments?post=6968"}],"version-history":[{"count":8,"href":"https:\/\/www.esbjerggolfklub.dk\/da\/wp-json\/wp\/v2\/pages\/6968\/revisions"}],"predecessor-version":[{"id":7601,"href":"https:\/\/www.esbjerggolfklub.dk\/da\/wp-json\/wp\/v2\/pages\/6968\/revisions\/7601"}],"up":[{"embeddable":true,"href":"https:\/\/www.esbjerggolfklub.dk\/da\/wp-json\/wp\/v2\/pages\/11459"}],"wp:attachment":[{"href":"https:\/\/www.esbjerggolfklub.dk\/da\/wp-json\/wp\/v2\/media?parent=6968"}],"curies":[{"name":"wp","href":"https:\/\/api.w.org\/{rel}","templated":true}]}}