{"id":7428,"date":"2021-07-23T11:20:58","date_gmt":"2021-07-23T09:20:58","guid":{"rendered":"https:\/\/www.esbjerggolfklub.dk\/?page_id=7428"},"modified":"2026-04-16T11:23:38","modified_gmt":"2026-04-16T09:23:38","slug":"jubilaeumsturneringer","status":"publish","type":"page","link":"https:\/\/www.esbjerggolfklub.dk\/da\/jubilaeumsturneringer\/","title":{"rendered":"Jubil\u00e6umsturneringer"},"content":{"rendered":"","protected":false},"excerpt":{"rendered":"","protected":false},"author":10,"featured_media":0,"parent":0,"menu_order":122,"comment_status":"closed","ping_status":"closed","template":"","meta":{"_acf_changed":false,"footnotes":""},"class_list":["post-7428","page","type-page","status-publish","hentry"],"acf":[],"yoast_head":"<!-- This site is optimized with the Yoast SEO plugin v27.3 - https:\/\/yoast.com\/product\/yoast-seo-wordpress\/ -->\n<title>Jubil\u00e6umsturneringer - Esbjerg Golfklub<\/title>\n<meta name=\"description\" content=\"I dagene fra den 5.-20. august fejres Esbjerg Golfklubs 100-\u00e5ts jubil\u00e6um, og nedenfor pr\u00e6senterer vi de jubil\u00e6umsturneringer der er p\u00e5 programmet.\" \/>\n<meta name=\"robots\" content=\"index, follow, max-snippet:-1, max-image-preview:large, max-video-preview:-1\" \/>\n<link rel=\"canonical\" href=\"https:\/\/www.esbjerggolfklub.dk\/da\/jubilaeumsturneringer\/\" \/>\n<meta property=\"og:locale\" content=\"da_DK\" \/>\n<meta property=\"og:type\" content=\"article\" \/>\n<meta property=\"og:title\" content=\"Jubil\u00e6umsturneringer - Esbjerg Golfklub\" \/>\n<meta property=\"og:description\" content=\"I dagene fra den 5.-20. august fejres Esbjerg Golfklubs 100-\u00e5ts jubil\u00e6um, og nedenfor pr\u00e6senterer vi de jubil\u00e6umsturneringer der er p\u00e5 programmet.\" \/>\n<meta property=\"og:url\" content=\"https:\/\/www.esbjerggolfklub.dk\/da\/jubilaeumsturneringer\/\" \/>\n<meta property=\"og:site_name\" content=\"Esbjerg Golfklub\" \/>\n<meta property=\"article:publisher\" content=\"https:\/\/www.facebook.com\/esbjerggolfklub\/\" \/>\n<meta property=\"article:modified_time\" content=\"2026-04-16T09:23:38+00:00\" \/>\n<meta name=\"twitter:card\" content=\"summary_large_image\" \/>\n<meta name=\"twitter:label1\" content=\"Est. reading time\" \/>\n\t<meta name=\"twitter:data1\" content=\"3 minutter\" \/>\n<script type=\"application\/ld+json\" class=\"yoast-schema-graph\">{\"@context\":\"https:\\\/\\\/schema.org\",\"@graph\":[{\"@type\":\"WebPage\",\"@id\":\"https:\\\/\\\/www.esbjerggolfklub.dk\\\/da\\\/jubilaeumsturneringer\\\/\",\"url\":\"https:\\\/\\\/www.esbjerggolfklub.dk\\\/da\\\/jubilaeumsturneringer\\\/\",\"name\":\"Jubil\u00e6umsturneringer - Esbjerg Golfklub\",\"isPartOf\":{\"@id\":\"https:\\\/\\\/www.esbjerggolfklub.dk\\\/da\\\/#website\"},\"datePublished\":\"2021-07-23T09:20:58+00:00\",\"dateModified\":\"2026-04-16T09:23:38+00:00\",\"description\":\"I dagene fra den 5.-20. august fejres Esbjerg Golfklubs 100-\u00e5ts jubil\u00e6um, og nedenfor pr\u00e6senterer vi de jubil\u00e6umsturneringer der er p\u00e5 programmet.\",\"breadcrumb\":{\"@id\":\"https:\\\/\\\/www.esbjerggolfklub.dk\\\/da\\\/jubilaeumsturneringer\\\/#breadcrumb\"},\"inLanguage\":\"da-DK\",\"potentialAction\":[{\"@type\":\"ReadAction\",\"target\":[\"https:\\\/\\\/www.esbjerggolfklub.dk\\\/da\\\/jubilaeumsturneringer\\\/\"]}]},{\"@type\":\"BreadcrumbList\",\"@id\":\"https:\\\/\\\/www.esbjerggolfklub.dk\\\/da\\\/jubilaeumsturneringer\\\/#breadcrumb\",\"itemListElement\":[{\"@type\":\"ListItem\",\"position\":1,\"name\":\"Home\",\"item\":\"https:\\\/\\\/www.esbjerggolfklub.dk\\\/da\\\/\"},{\"@type\":\"ListItem\",\"position\":2,\"name\":\"Jubil\u00e6umsturneringer\"}]},{\"@type\":\"WebSite\",\"@id\":\"https:\\\/\\\/www.esbjerggolfklub.dk\\\/da\\\/#website\",\"url\":\"https:\\\/\\\/www.esbjerggolfklub.dk\\\/da\\\/\",\"name\":\"Esbjerg Golfklub\",\"description\":\"\",\"potentialAction\":[{\"@type\":\"SearchAction\",\"target\":{\"@type\":\"EntryPoint\",\"urlTemplate\":\"https:\\\/\\\/www.esbjerggolfklub.dk\\\/da\\\/?s={search_term_string}\"},\"query-input\":{\"@type\":\"PropertyValueSpecification\",\"valueRequired\":true,\"valueName\":\"search_term_string\"}}],\"inLanguage\":\"da-DK\"}]}<\/script>\n<!-- \/ Yoast SEO plugin. -->","yoast_head_json":{"title":"Jubil\u00e6umsturneringer - Esbjerg Golfklub","description":"I dagene fra den 5.-20. august fejres Esbjerg Golfklubs 100-\u00e5ts jubil\u00e6um, og nedenfor pr\u00e6senterer vi de jubil\u00e6umsturneringer der er p\u00e5 programmet.","robots":{"index":"index","follow":"follow","max-snippet":"max-snippet:-1","max-image-preview":"max-image-preview:large","max-video-preview":"max-video-preview:-1"},"canonical":"https:\/\/www.esbjerggolfklub.dk\/da\/jubilaeumsturneringer\/","og_locale":"da_DK","og_type":"article","og_title":"Jubil\u00e6umsturneringer - Esbjerg Golfklub","og_description":"I dagene fra den 5.-20. august fejres Esbjerg Golfklubs 100-\u00e5ts jubil\u00e6um, og nedenfor pr\u00e6senterer vi de jubil\u00e6umsturneringer der er p\u00e5 programmet.","og_url":"https:\/\/www.esbjerggolfklub.dk\/da\/jubilaeumsturneringer\/","og_site_name":"Esbjerg Golfklub","article_publisher":"https:\/\/www.facebook.com\/esbjerggolfklub\/","article_modified_time":"2026-04-16T09:23:38+00:00","twitter_card":"summary_large_image","twitter_misc":{"Est. reading time":"3 minutter"},"schema":{"@context":"https:\/\/schema.org","@graph":[{"@type":"WebPage","@id":"https:\/\/www.esbjerggolfklub.dk\/da\/jubilaeumsturneringer\/","url":"https:\/\/www.esbjerggolfklub.dk\/da\/jubilaeumsturneringer\/","name":"Jubil\u00e6umsturneringer - Esbjerg Golfklub","isPartOf":{"@id":"https:\/\/www.esbjerggolfklub.dk\/da\/#website"},"datePublished":"2021-07-23T09:20:58+00:00","dateModified":"2026-04-16T09:23:38+00:00","description":"I dagene fra den 5.-20. august fejres Esbjerg Golfklubs 100-\u00e5ts jubil\u00e6um, og nedenfor pr\u00e6senterer vi de jubil\u00e6umsturneringer der er p\u00e5 programmet.","breadcrumb":{"@id":"https:\/\/www.esbjerggolfklub.dk\/da\/jubilaeumsturneringer\/#breadcrumb"},"inLanguage":"da-DK","potentialAction":[{"@type":"ReadAction","target":["https:\/\/www.esbjerggolfklub.dk\/da\/jubilaeumsturneringer\/"]}]},{"@type":"BreadcrumbList","@id":"https:\/\/www.esbjerggolfklub.dk\/da\/jubilaeumsturneringer\/#breadcrumb","itemListElement":[{"@type":"ListItem","position":1,"name":"Home","item":"https:\/\/www.esbjerggolfklub.dk\/da\/"},{"@type":"ListItem","position":2,"name":"Jubil\u00e6umsturneringer"}]},{"@type":"WebSite","@id":"https:\/\/www.esbjerggolfklub.dk\/da\/#website","url":"https:\/\/www.esbjerggolfklub.dk\/da\/","name":"Esbjerg Golfklub","description":"","potentialAction":[{"@type":"SearchAction","target":{"@type":"EntryPoint","urlTemplate":"https:\/\/www.esbjerggolfklub.dk\/da\/?s={search_term_string}"},"query-input":{"@type":"PropertyValueSpecification","valueRequired":true,"valueName":"search_term_string"}}],"inLanguage":"da-DK"}]}},"_links":{"self":[{"href":"https:\/\/www.esbjerggolfklub.dk\/da\/wp-json\/wp\/v2\/pages\/7428","targetHints":{"allow":["GET"]}}],"collection":[{"href":"https:\/\/www.esbjerggolfklub.dk\/da\/wp-json\/wp\/v2\/pages"}],"about":[{"href":"https:\/\/www.esbjerggolfklub.dk\/da\/wp-json\/wp\/v2\/types\/page"}],"author":[{"embeddable":true,"href":"https:\/\/www.esbjerggolfklub.dk\/da\/wp-json\/wp\/v2\/users\/10"}],"replies":[{"embeddable":true,"href":"https:\/\/www.esbjerggolfklub.dk\/da\/wp-json\/wp\/v2\/comments?post=7428"}],"version-history":[{"count":14,"href":"https:\/\/www.esbjerggolfklub.dk\/da\/wp-json\/wp\/v2\/pages\/7428\/revisions"}],"predecessor-version":[{"id":15086,"href":"https:\/\/www.esbjerggolfklub.dk\/da\/wp-json\/wp\/v2\/pages\/7428\/revisions\/15086"}],"wp:attachment":[{"href":"https:\/\/www.esbjerggolfklub.dk\/da\/wp-json\/wp\/v2\/media?parent=7428"}],"curies":[{"name":"wp","href":"https:\/\/api.w.org\/{rel}","templated":true}]}}