{"id":7764,"date":"2022-03-04T12:17:51","date_gmt":"2022-03-04T11:17:51","guid":{"rendered":"https:\/\/www.esbjerggolfklub.dk\/?page_id=7764"},"modified":"2026-03-24T11:29:59","modified_gmt":"2026-03-24T10:29:59","slug":"frederik-straede-frost","status":"publish","type":"page","link":"https:\/\/www.esbjerggolfklub.dk\/da\/golf-akademi-esbjerg-2\/traenere\/frederik-straede-frost\/","title":{"rendered":"Frederik Str\u00e6de Frost"},"content":{"rendered":"","protected":false},"excerpt":{"rendered":"","protected":false},"author":10,"featured_media":0,"parent":6431,"menu_order":81,"comment_status":"closed","ping_status":"closed","template":"","meta":{"_acf_changed":false,"footnotes":""},"class_list":["post-7764","page","type-page","status-publish","hentry"],"acf":[],"yoast_head":"<!-- This site is optimized with the Yoast SEO plugin v27.3 - https:\/\/yoast.com\/product\/yoast-seo-wordpress\/ -->\n<title>Frederik Str\u00e6de Frost - Esbjerg Golfklub<\/title>\n<meta name=\"description\" content=\"Frederik Str\u00e6de Frost er vores dygtige PGA-elev i Esbjerg Golfklub. Frederik har den dygtige Ben Tinning som l\u00e6remester.\" \/>\n<meta name=\"robots\" content=\"index, follow, max-snippet:-1, max-image-preview:large, max-video-preview:-1\" \/>\n<link rel=\"canonical\" href=\"https:\/\/www.esbjerggolfklub.dk\/da\/golf-akademi-esbjerg-2\/traenere\/frederik-straede-frost\/\" \/>\n<meta property=\"og:locale\" content=\"da_DK\" \/>\n<meta property=\"og:type\" content=\"article\" \/>\n<meta property=\"og:title\" content=\"Frederik Str\u00e6de Frost - Esbjerg Golfklub\" \/>\n<meta property=\"og:description\" content=\"Frederik Str\u00e6de Frost er vores dygtige PGA-elev i Esbjerg Golfklub. Frederik har den dygtige Ben Tinning som l\u00e6remester.\" \/>\n<meta property=\"og:url\" content=\"https:\/\/www.esbjerggolfklub.dk\/da\/golf-akademi-esbjerg-2\/traenere\/frederik-straede-frost\/\" \/>\n<meta property=\"og:site_name\" content=\"Esbjerg Golfklub\" \/>\n<meta property=\"article:publisher\" content=\"https:\/\/www.facebook.com\/esbjerggolfklub\/\" \/>\n<meta property=\"article:modified_time\" content=\"2026-03-24T10:29:59+00:00\" \/>\n<meta name=\"twitter:card\" content=\"summary_large_image\" \/>\n<meta name=\"twitter:label1\" content=\"Est. reading time\" \/>\n\t<meta name=\"twitter:data1\" content=\"1 minut\" \/>\n<script type=\"application\/ld+json\" class=\"yoast-schema-graph\">{\"@context\":\"https:\\\/\\\/schema.org\",\"@graph\":[{\"@type\":\"WebPage\",\"@id\":\"https:\\\/\\\/www.esbjerggolfklub.dk\\\/da\\\/golf-akademi-esbjerg-2\\\/traenere\\\/frederik-straede-frost\\\/\",\"url\":\"https:\\\/\\\/www.esbjerggolfklub.dk\\\/da\\\/golf-akademi-esbjerg-2\\\/traenere\\\/frederik-straede-frost\\\/\",\"name\":\"Frederik Str\u00e6de Frost - Esbjerg Golfklub\",\"isPartOf\":{\"@id\":\"https:\\\/\\\/www.esbjerggolfklub.dk\\\/da\\\/#website\"},\"datePublished\":\"2022-03-04T11:17:51+00:00\",\"dateModified\":\"2026-03-24T10:29:59+00:00\",\"description\":\"Frederik Str\u00e6de Frost er vores dygtige PGA-elev i Esbjerg Golfklub. Frederik har den dygtige Ben Tinning som l\u00e6remester.\",\"breadcrumb\":{\"@id\":\"https:\\\/\\\/www.esbjerggolfklub.dk\\\/da\\\/golf-akademi-esbjerg-2\\\/traenere\\\/frederik-straede-frost\\\/#breadcrumb\"},\"inLanguage\":\"da-DK\",\"potentialAction\":[{\"@type\":\"ReadAction\",\"target\":[\"https:\\\/\\\/www.esbjerggolfklub.dk\\\/da\\\/golf-akademi-esbjerg-2\\\/traenere\\\/frederik-straede-frost\\\/\"]}]},{\"@type\":\"BreadcrumbList\",\"@id\":\"https:\\\/\\\/www.esbjerggolfklub.dk\\\/da\\\/golf-akademi-esbjerg-2\\\/traenere\\\/frederik-straede-frost\\\/#breadcrumb\",\"itemListElement\":[{\"@type\":\"ListItem\",\"position\":1,\"name\":\"Home\",\"item\":\"https:\\\/\\\/www.esbjerggolfklub.dk\\\/da\\\/\"},{\"@type\":\"ListItem\",\"position\":2,\"name\":\"Golf Akademi\",\"item\":\"https:\\\/\\\/www.esbjerggolfklub.dk\\\/da\\\/golf-akademi-esbjerg-2\\\/\"},{\"@type\":\"ListItem\",\"position\":3,\"name\":\"Tr\u00e6nere\",\"item\":\"https:\\\/\\\/www.esbjerggolfklub.dk\\\/da\\\/golf-akademi-esbjerg-2\\\/traenere\\\/\"},{\"@type\":\"ListItem\",\"position\":4,\"name\":\"Frederik Str\u00e6de Frost\"}]},{\"@type\":\"WebSite\",\"@id\":\"https:\\\/\\\/www.esbjerggolfklub.dk\\\/da\\\/#website\",\"url\":\"https:\\\/\\\/www.esbjerggolfklub.dk\\\/da\\\/\",\"name\":\"Esbjerg Golfklub\",\"description\":\"\",\"potentialAction\":[{\"@type\":\"SearchAction\",\"target\":{\"@type\":\"EntryPoint\",\"urlTemplate\":\"https:\\\/\\\/www.esbjerggolfklub.dk\\\/da\\\/?s={search_term_string}\"},\"query-input\":{\"@type\":\"PropertyValueSpecification\",\"valueRequired\":true,\"valueName\":\"search_term_string\"}}],\"inLanguage\":\"da-DK\"}]}<\/script>\n<!-- \/ Yoast SEO plugin. -->","yoast_head_json":{"title":"Frederik Str\u00e6de Frost - Esbjerg Golfklub","description":"Frederik Str\u00e6de Frost er vores dygtige PGA-elev i Esbjerg Golfklub. Frederik har den dygtige Ben Tinning som l\u00e6remester.","robots":{"index":"index","follow":"follow","max-snippet":"max-snippet:-1","max-image-preview":"max-image-preview:large","max-video-preview":"max-video-preview:-1"},"canonical":"https:\/\/www.esbjerggolfklub.dk\/da\/golf-akademi-esbjerg-2\/traenere\/frederik-straede-frost\/","og_locale":"da_DK","og_type":"article","og_title":"Frederik Str\u00e6de Frost - Esbjerg Golfklub","og_description":"Frederik Str\u00e6de Frost er vores dygtige PGA-elev i Esbjerg Golfklub. Frederik har den dygtige Ben Tinning som l\u00e6remester.","og_url":"https:\/\/www.esbjerggolfklub.dk\/da\/golf-akademi-esbjerg-2\/traenere\/frederik-straede-frost\/","og_site_name":"Esbjerg Golfklub","article_publisher":"https:\/\/www.facebook.com\/esbjerggolfklub\/","article_modified_time":"2026-03-24T10:29:59+00:00","twitter_card":"summary_large_image","twitter_misc":{"Est. reading time":"1 minut"},"schema":{"@context":"https:\/\/schema.org","@graph":[{"@type":"WebPage","@id":"https:\/\/www.esbjerggolfklub.dk\/da\/golf-akademi-esbjerg-2\/traenere\/frederik-straede-frost\/","url":"https:\/\/www.esbjerggolfklub.dk\/da\/golf-akademi-esbjerg-2\/traenere\/frederik-straede-frost\/","name":"Frederik Str\u00e6de Frost - Esbjerg Golfklub","isPartOf":{"@id":"https:\/\/www.esbjerggolfklub.dk\/da\/#website"},"datePublished":"2022-03-04T11:17:51+00:00","dateModified":"2026-03-24T10:29:59+00:00","description":"Frederik Str\u00e6de Frost er vores dygtige PGA-elev i Esbjerg Golfklub. Frederik har den dygtige Ben Tinning som l\u00e6remester.","breadcrumb":{"@id":"https:\/\/www.esbjerggolfklub.dk\/da\/golf-akademi-esbjerg-2\/traenere\/frederik-straede-frost\/#breadcrumb"},"inLanguage":"da-DK","potentialAction":[{"@type":"ReadAction","target":["https:\/\/www.esbjerggolfklub.dk\/da\/golf-akademi-esbjerg-2\/traenere\/frederik-straede-frost\/"]}]},{"@type":"BreadcrumbList","@id":"https:\/\/www.esbjerggolfklub.dk\/da\/golf-akademi-esbjerg-2\/traenere\/frederik-straede-frost\/#breadcrumb","itemListElement":[{"@type":"ListItem","position":1,"name":"Home","item":"https:\/\/www.esbjerggolfklub.dk\/da\/"},{"@type":"ListItem","position":2,"name":"Golf Akademi","item":"https:\/\/www.esbjerggolfklub.dk\/da\/golf-akademi-esbjerg-2\/"},{"@type":"ListItem","position":3,"name":"Tr\u00e6nere","item":"https:\/\/www.esbjerggolfklub.dk\/da\/golf-akademi-esbjerg-2\/traenere\/"},{"@type":"ListItem","position":4,"name":"Frederik Str\u00e6de Frost"}]},{"@type":"WebSite","@id":"https:\/\/www.esbjerggolfklub.dk\/da\/#website","url":"https:\/\/www.esbjerggolfklub.dk\/da\/","name":"Esbjerg Golfklub","description":"","potentialAction":[{"@type":"SearchAction","target":{"@type":"EntryPoint","urlTemplate":"https:\/\/www.esbjerggolfklub.dk\/da\/?s={search_term_string}"},"query-input":{"@type":"PropertyValueSpecification","valueRequired":true,"valueName":"search_term_string"}}],"inLanguage":"da-DK"}]}},"_links":{"self":[{"href":"https:\/\/www.esbjerggolfklub.dk\/da\/wp-json\/wp\/v2\/pages\/7764","targetHints":{"allow":["GET"]}}],"collection":[{"href":"https:\/\/www.esbjerggolfklub.dk\/da\/wp-json\/wp\/v2\/pages"}],"about":[{"href":"https:\/\/www.esbjerggolfklub.dk\/da\/wp-json\/wp\/v2\/types\/page"}],"author":[{"embeddable":true,"href":"https:\/\/www.esbjerggolfklub.dk\/da\/wp-json\/wp\/v2\/users\/10"}],"replies":[{"embeddable":true,"href":"https:\/\/www.esbjerggolfklub.dk\/da\/wp-json\/wp\/v2\/comments?post=7764"}],"version-history":[{"count":10,"href":"https:\/\/www.esbjerggolfklub.dk\/da\/wp-json\/wp\/v2\/pages\/7764\/revisions"}],"predecessor-version":[{"id":15093,"href":"https:\/\/www.esbjerggolfklub.dk\/da\/wp-json\/wp\/v2\/pages\/7764\/revisions\/15093"}],"up":[{"embeddable":true,"href":"https:\/\/www.esbjerggolfklub.dk\/da\/wp-json\/wp\/v2\/pages\/6431"}],"wp:attachment":[{"href":"https:\/\/www.esbjerggolfklub.dk\/da\/wp-json\/wp\/v2\/media?parent=7764"}],"curies":[{"name":"wp","href":"https:\/\/api.w.org\/{rel}","templated":true}]}}