{"id":9088,"date":"2022-12-05T15:27:01","date_gmt":"2022-12-05T14:27:01","guid":{"rendered":"https:\/\/www.esbjerggolfklub.dk\/?page_id=9088"},"modified":"2026-04-16T11:23:26","modified_gmt":"2026-04-16T09:23:26","slug":"billum-kro","status":"publish","type":"page","link":"https:\/\/www.esbjerggolfklub.dk\/da\/gaester\/golfophold\/billum-kro\/","title":{"rendered":"Billum Kro"},"content":{"rendered":"","protected":false},"excerpt":{"rendered":"","protected":false},"author":10,"featured_media":0,"parent":9054,"menu_order":9,"comment_status":"closed","ping_status":"closed","template":"","meta":{"_acf_changed":false,"footnotes":""},"class_list":["post-9088","page","type-page","status-publish","hentry"],"acf":[],"yoast_head":"<!-- This site is optimized with the Yoast SEO plugin v27.3 - https:\/\/yoast.com\/product\/yoast-seo-wordpress\/ -->\n<title>Golfophold p\u00e5 Billum Kro - Esbjerg Golfklub<\/title>\n<meta name=\"description\" content=\"Nyd et behageligt golfophold med en middag og to runder golf p\u00e5 vores spektakul\u00e6re baner: Marb\u00e6k by NorSea og Myrtue Vestjysk Golf.\" \/>\n<meta name=\"robots\" content=\"index, follow, max-snippet:-1, max-image-preview:large, max-video-preview:-1\" \/>\n<link rel=\"canonical\" href=\"https:\/\/www.esbjerggolfklub.dk\/da\/gaester\/golfophold\/billum-kro\/\" \/>\n<meta property=\"og:locale\" content=\"da_DK\" \/>\n<meta property=\"og:type\" content=\"article\" \/>\n<meta property=\"og:title\" content=\"Golfophold p\u00e5 Billum Kro - Esbjerg Golfklub\" \/>\n<meta property=\"og:description\" content=\"Nyd et behageligt golfophold med en middag og to runder golf p\u00e5 vores spektakul\u00e6re baner: Marb\u00e6k by NorSea og Myrtue Vestjysk Golf.\" \/>\n<meta property=\"og:url\" content=\"https:\/\/www.esbjerggolfklub.dk\/da\/gaester\/golfophold\/billum-kro\/\" \/>\n<meta property=\"og:site_name\" content=\"Esbjerg Golfklub\" \/>\n<meta property=\"article:publisher\" content=\"https:\/\/www.facebook.com\/esbjerggolfklub\/\" \/>\n<meta property=\"article:modified_time\" content=\"2026-04-16T09:23:26+00:00\" \/>\n<meta name=\"twitter:card\" content=\"summary_large_image\" \/>\n<meta name=\"twitter:label1\" content=\"Est. reading time\" \/>\n\t<meta name=\"twitter:data1\" content=\"5 minutter\" \/>\n<script type=\"application\/ld+json\" class=\"yoast-schema-graph\">{\"@context\":\"https:\\\/\\\/schema.org\",\"@graph\":[{\"@type\":\"WebPage\",\"@id\":\"https:\\\/\\\/www.esbjerggolfklub.dk\\\/da\\\/gaester\\\/golfophold\\\/billum-kro\\\/\",\"url\":\"https:\\\/\\\/www.esbjerggolfklub.dk\\\/da\\\/gaester\\\/golfophold\\\/billum-kro\\\/\",\"name\":\"Golfophold p\u00e5 Billum Kro - Esbjerg Golfklub\",\"isPartOf\":{\"@id\":\"https:\\\/\\\/www.esbjerggolfklub.dk\\\/da\\\/#website\"},\"datePublished\":\"2022-12-05T14:27:01+00:00\",\"dateModified\":\"2026-04-16T09:23:26+00:00\",\"description\":\"Nyd et behageligt golfophold med en middag og to runder golf p\u00e5 vores spektakul\u00e6re baner: Marb\u00e6k by NorSea og Myrtue Vestjysk Golf.\",\"breadcrumb\":{\"@id\":\"https:\\\/\\\/www.esbjerggolfklub.dk\\\/da\\\/gaester\\\/golfophold\\\/billum-kro\\\/#breadcrumb\"},\"inLanguage\":\"da-DK\",\"potentialAction\":[{\"@type\":\"ReadAction\",\"target\":[\"https:\\\/\\\/www.esbjerggolfklub.dk\\\/da\\\/gaester\\\/golfophold\\\/billum-kro\\\/\"]}]},{\"@type\":\"BreadcrumbList\",\"@id\":\"https:\\\/\\\/www.esbjerggolfklub.dk\\\/da\\\/gaester\\\/golfophold\\\/billum-kro\\\/#breadcrumb\",\"itemListElement\":[{\"@type\":\"ListItem\",\"position\":1,\"name\":\"Home\",\"item\":\"https:\\\/\\\/www.esbjerggolfklub.dk\\\/da\\\/\"},{\"@type\":\"ListItem\",\"position\":2,\"name\":\"G\u00e6ster\",\"item\":\"https:\\\/\\\/www.esbjerggolfklub.dk\\\/da\\\/gaester\\\/\"},{\"@type\":\"ListItem\",\"position\":3,\"name\":\"Golfophold\",\"item\":\"https:\\\/\\\/www.esbjerggolfklub.dk\\\/da\\\/gaester\\\/golfophold\\\/\"},{\"@type\":\"ListItem\",\"position\":4,\"name\":\"Billum Kro\"}]},{\"@type\":\"WebSite\",\"@id\":\"https:\\\/\\\/www.esbjerggolfklub.dk\\\/da\\\/#website\",\"url\":\"https:\\\/\\\/www.esbjerggolfklub.dk\\\/da\\\/\",\"name\":\"Esbjerg Golfklub\",\"description\":\"\",\"potentialAction\":[{\"@type\":\"SearchAction\",\"target\":{\"@type\":\"EntryPoint\",\"urlTemplate\":\"https:\\\/\\\/www.esbjerggolfklub.dk\\\/da\\\/?s={search_term_string}\"},\"query-input\":{\"@type\":\"PropertyValueSpecification\",\"valueRequired\":true,\"valueName\":\"search_term_string\"}}],\"inLanguage\":\"da-DK\"}]}<\/script>\n<!-- \/ Yoast SEO plugin. -->","yoast_head_json":{"title":"Golfophold p\u00e5 Billum Kro - Esbjerg Golfklub","description":"Nyd et behageligt golfophold med en middag og to runder golf p\u00e5 vores spektakul\u00e6re baner: Marb\u00e6k by NorSea og Myrtue Vestjysk Golf.","robots":{"index":"index","follow":"follow","max-snippet":"max-snippet:-1","max-image-preview":"max-image-preview:large","max-video-preview":"max-video-preview:-1"},"canonical":"https:\/\/www.esbjerggolfklub.dk\/da\/gaester\/golfophold\/billum-kro\/","og_locale":"da_DK","og_type":"article","og_title":"Golfophold p\u00e5 Billum Kro - Esbjerg Golfklub","og_description":"Nyd et behageligt golfophold med en middag og to runder golf p\u00e5 vores spektakul\u00e6re baner: Marb\u00e6k by NorSea og Myrtue Vestjysk Golf.","og_url":"https:\/\/www.esbjerggolfklub.dk\/da\/gaester\/golfophold\/billum-kro\/","og_site_name":"Esbjerg Golfklub","article_publisher":"https:\/\/www.facebook.com\/esbjerggolfklub\/","article_modified_time":"2026-04-16T09:23:26+00:00","twitter_card":"summary_large_image","twitter_misc":{"Est. reading time":"5 minutter"},"schema":{"@context":"https:\/\/schema.org","@graph":[{"@type":"WebPage","@id":"https:\/\/www.esbjerggolfklub.dk\/da\/gaester\/golfophold\/billum-kro\/","url":"https:\/\/www.esbjerggolfklub.dk\/da\/gaester\/golfophold\/billum-kro\/","name":"Golfophold p\u00e5 Billum Kro - Esbjerg Golfklub","isPartOf":{"@id":"https:\/\/www.esbjerggolfklub.dk\/da\/#website"},"datePublished":"2022-12-05T14:27:01+00:00","dateModified":"2026-04-16T09:23:26+00:00","description":"Nyd et behageligt golfophold med en middag og to runder golf p\u00e5 vores spektakul\u00e6re baner: Marb\u00e6k by NorSea og Myrtue Vestjysk Golf.","breadcrumb":{"@id":"https:\/\/www.esbjerggolfklub.dk\/da\/gaester\/golfophold\/billum-kro\/#breadcrumb"},"inLanguage":"da-DK","potentialAction":[{"@type":"ReadAction","target":["https:\/\/www.esbjerggolfklub.dk\/da\/gaester\/golfophold\/billum-kro\/"]}]},{"@type":"BreadcrumbList","@id":"https:\/\/www.esbjerggolfklub.dk\/da\/gaester\/golfophold\/billum-kro\/#breadcrumb","itemListElement":[{"@type":"ListItem","position":1,"name":"Home","item":"https:\/\/www.esbjerggolfklub.dk\/da\/"},{"@type":"ListItem","position":2,"name":"G\u00e6ster","item":"https:\/\/www.esbjerggolfklub.dk\/da\/gaester\/"},{"@type":"ListItem","position":3,"name":"Golfophold","item":"https:\/\/www.esbjerggolfklub.dk\/da\/gaester\/golfophold\/"},{"@type":"ListItem","position":4,"name":"Billum Kro"}]},{"@type":"WebSite","@id":"https:\/\/www.esbjerggolfklub.dk\/da\/#website","url":"https:\/\/www.esbjerggolfklub.dk\/da\/","name":"Esbjerg Golfklub","description":"","potentialAction":[{"@type":"SearchAction","target":{"@type":"EntryPoint","urlTemplate":"https:\/\/www.esbjerggolfklub.dk\/da\/?s={search_term_string}"},"query-input":{"@type":"PropertyValueSpecification","valueRequired":true,"valueName":"search_term_string"}}],"inLanguage":"da-DK"}]}},"_links":{"self":[{"href":"https:\/\/www.esbjerggolfklub.dk\/da\/wp-json\/wp\/v2\/pages\/9088","targetHints":{"allow":["GET"]}}],"collection":[{"href":"https:\/\/www.esbjerggolfklub.dk\/da\/wp-json\/wp\/v2\/pages"}],"about":[{"href":"https:\/\/www.esbjerggolfklub.dk\/da\/wp-json\/wp\/v2\/types\/page"}],"author":[{"embeddable":true,"href":"https:\/\/www.esbjerggolfklub.dk\/da\/wp-json\/wp\/v2\/users\/10"}],"replies":[{"embeddable":true,"href":"https:\/\/www.esbjerggolfklub.dk\/da\/wp-json\/wp\/v2\/comments?post=9088"}],"version-history":[{"count":33,"href":"https:\/\/www.esbjerggolfklub.dk\/da\/wp-json\/wp\/v2\/pages\/9088\/revisions"}],"predecessor-version":[{"id":18014,"href":"https:\/\/www.esbjerggolfklub.dk\/da\/wp-json\/wp\/v2\/pages\/9088\/revisions\/18014"}],"up":[{"embeddable":true,"href":"https:\/\/www.esbjerggolfklub.dk\/da\/wp-json\/wp\/v2\/pages\/9054"}],"wp:attachment":[{"href":"https:\/\/www.esbjerggolfklub.dk\/da\/wp-json\/wp\/v2\/media?parent=9088"}],"curies":[{"name":"wp","href":"https:\/\/api.w.org\/{rel}","templated":true}]}}